{"id":877,"date":"2023-03-03T20:55:44","date_gmt":"2023-03-04T04:55:44","guid":{"rendered":"https:\/\/cbie2023.pcomms.ca\/?page_id=877"},"modified":"2023-07-12T08:24:56","modified_gmt":"2023-07-12T15:24:56","slug":"info-commanditaires-exposants","status":"publish","type":"page","link":"https:\/\/2023.cbieconference.ca\/fr\/info-commanditaires-exposants\/","title":{"rendered":"Renseignements destin\u00e9s aux commanditaires et aux exposants"},"content":{"rendered":"[vc_row type=\u00a0\u00a0\u00bbfull_width_background\u00a0\u00a0\u00bb full_screen_row_position=\u00a0\u00a0\u00bbmiddle\u00a0\u00a0\u00bb column_margin=\u00a0\u00a0\u00bbdefault\u00a0\u00a0\u00bb column_direction=\u00a0\u00a0\u00bbdefault\u00a0\u00a0\u00bb column_direction_tablet=\u00a0\u00a0\u00bbdefault\u00a0\u00a0\u00bb column_direction_phone=\u00a0\u00a0\u00bbdefault\u00a0\u00a0\u00bb bg_image=\u00a0\u00a0\u00bb920\u2033 bg_position=\u00a0\u00a0\u00bbcenter center\u00a0\u00a0\u00bb background_image_loading=\u00a0\u00a0\u00bbdefault\u00a0\u00a0\u00bb bg_repeat=\u00a0\u00a0\u00bbno-repeat\u00a0\u00a0\u00bb scene_position=\u00a0\u00a0\u00bbcenter\u00a0\u00a0\u00bb top_padding=\u00a0\u00a0\u00bb16%\u00a0\u00a0\u00bb bottom_padding=\u00a0\u00a0\u00bb10%\u00a0\u00a0\u00bb text_color=\u00a0\u00a0\u00bblight\u00a0\u00a0\u00bb text_align=\u00a0\u00a0\u00bbcenter\u00a0\u00a0\u00bb row_border_radius=\u00a0\u00a0\u00bbnone\u00a0\u00a0\u00bb row_border_radius_applies=\u00a0\u00a0\u00bbbg\u00a0\u00a0\u00bb overflow=\u00a0\u00a0\u00bbvisible\u00a0\u00a0\u00bb color_overlay=\u00a0\u00a0\u00bb#000000\u2033 overlay_strength=\u00a0\u00a0\u00bb0.3\u2033 gradient_direction=\u00a0\u00a0\u00bbleft_to_right\u00a0\u00a0\u00bb shape_divider_position=\u00a0\u00a0\u00bbbottom\u00a0\u00a0\u00bb bg_image_animation=\u00a0\u00a0\u00bbnone\u00a0\u00a0\u00bb gradient_type=\u00a0\u00a0\u00bbdefault\u00a0\u00a0\u00bb shape_type=\u00a0\u00a0\u00bb\u00a0\u00a0\u00bb][vc_column column_padding=\u00a0\u00a0\u00bbno-extra-padding\u00a0\u00a0\u00bb column_padding_tablet=\u00a0\u00a0\u00bbinherit\u00a0\u00a0\u00bb column_padding_phone=\u00a0\u00a0\u00bbinherit\u00a0\u00a0\u00bb column_padding_position=\u00a0\u00a0\u00bball\u00a0\u00a0\u00bb column_element_direction_desktop=\u00a0\u00a0\u00bbdefault\u00a0\u00a0\u00bb column_element_spacing=\u00a0\u00a0\u00bbdefault\u00a0\u00a0\u00bb desktop_text_alignment=\u00a0\u00a0\u00bbdefault\u00a0\u00a0\u00bb tablet_text_alignment=\u00a0\u00a0\u00bbdefault\u00a0\u00a0\u00bb phone_text_alignment=\u00a0\u00a0\u00bbdefault\u00a0\u00a0\u00bb background_color_opacity=\u00a0\u00a0\u00bb1\u2033 background_hover_color_opacity=\u00a0\u00a0\u00bb1\u2033 column_backdrop_filter=\u00a0\u00a0\u00bbnone\u00a0\u00a0\u00bb column_shadow=\u00a0\u00a0\u00bbnone\u00a0\u00a0\u00bb column_border_radius=\u00a0\u00a0\u00bbnone\u00a0\u00a0\u00bb column_link_target=\u00a0\u00a0\u00bb_self\u00a0\u00a0\u00bb column_position=\u00a0\u00a0\u00bbdefault\u00a0\u00a0\u00bb gradient_direction=\u00a0\u00a0\u00bbleft_to_right\u00a0\u00a0\u00bb overlay_strength=\u00a0\u00a0\u00bb0.3\u2033 width=\u00a0\u00a0\u00bb1\/1\u2033 tablet_width_inherit=\u00a0\u00a0\u00bbdefault\u00a0\u00a0\u00bb animation_type=\u00a0\u00a0\u00bbdefault\u00a0\u00a0\u00bb bg_image_animation=\u00a0\u00a0\u00bbnone\u00a0\u00a0\u00bb border_type=\u00a0\u00a0\u00bbsimple\u00a0\u00a0\u00bb column_border_width=\u00a0\u00a0\u00bbnone\u00a0\u00a0\u00bb column_border_style=\u00a0\u00a0\u00bbsolid\u00a0\u00a0\u00bb][vc_column_text]\n<h1>Renseignements destin\u00e9s aux commanditaires et aux exposants<\/h1>\n[\/vc_column_text][divider line_type=\u00a0\u00a0\u00bbSmall Line\u00a0\u00a0\u00bb line_alignment=\u00a0\u00a0\u00bbcenter\u00a0\u00a0\u00bb line_thickness=\u00a0\u00a0\u00bb2\u2033 divider_color=\u00a0\u00a0\u00bbextra-color-1\u2033 custom_height=\u00a0\u00a0\u00bb80\u2033][\/vc_column][\/vc_row][vc_row type=\u00a0\u00a0\u00bbin_container\u00a0\u00a0\u00bb full_screen_row_position=\u00a0\u00a0\u00bbmiddle\u00a0\u00a0\u00bb column_margin=\u00a0\u00a0\u00bbdefault\u00a0\u00a0\u00bb column_direction=\u00a0\u00a0\u00bbdefault\u00a0\u00a0\u00bb column_direction_tablet=\u00a0\u00a0\u00bbdefault\u00a0\u00a0\u00bb column_direction_phone=\u00a0\u00a0\u00bbdefault\u00a0\u00a0\u00bb scene_position=\u00a0\u00a0\u00bbcenter\u00a0\u00a0\u00bb top_padding=\u00a0\u00a0\u00bb5%\u00a0\u00a0\u00bb bottom_padding=\u00a0\u00a0\u00bb5%\u00a0\u00a0\u00bb text_color=\u00a0\u00a0\u00bbdark\u00a0\u00a0\u00bb text_align=\u00a0\u00a0\u00bbleft\u00a0\u00a0\u00bb row_border_radius=\u00a0\u00a0\u00bbnone\u00a0\u00a0\u00bb row_border_radius_applies=\u00a0\u00a0\u00bbbg\u00a0\u00a0\u00bb overflow=\u00a0\u00a0\u00bbvisible\u00a0\u00a0\u00bb overlay_strength=\u00a0\u00a0\u00bb0.3\u2033 gradient_direction=\u00a0\u00a0\u00bbleft_to_right\u00a0\u00a0\u00bb shape_divider_position=\u00a0\u00a0\u00bbbottom\u00a0\u00a0\u00bb bg_image_animation=\u00a0\u00a0\u00bbnone\u00a0\u00a0\u00bb gradient_type=\u00a0\u00a0\u00bbdefault\u00a0\u00a0\u00bb shape_type=\u00a0\u00a0\u00bb\u00a0\u00a0\u00bb][vc_column column_padding=\u00a0\u00a0\u00bbno-extra-padding\u00a0\u00a0\u00bb column_padding_tablet=\u00a0\u00a0\u00bbinherit\u00a0\u00a0\u00bb column_padding_phone=\u00a0\u00a0\u00bbinherit\u00a0\u00a0\u00bb column_padding_position=\u00a0\u00a0\u00bball\u00a0\u00a0\u00bb column_element_direction_desktop=\u00a0\u00a0\u00bbdefault\u00a0\u00a0\u00bb column_element_spacing=\u00a0\u00a0\u00bbdefault\u00a0\u00a0\u00bb desktop_text_alignment=\u00a0\u00a0\u00bbdefault\u00a0\u00a0\u00bb tablet_text_alignment=\u00a0\u00a0\u00bbdefault\u00a0\u00a0\u00bb phone_text_alignment=\u00a0\u00a0\u00bbdefault\u00a0\u00a0\u00bb background_color_opacity=\u00a0\u00a0\u00bb1\u2033 background_hover_color_opacity=\u00a0\u00a0\u00bb1\u2033 column_backdrop_filter=\u00a0\u00a0\u00bbnone\u00a0\u00a0\u00bb column_shadow=\u00a0\u00a0\u00bbnone\u00a0\u00a0\u00bb column_border_radius=\u00a0\u00a0\u00bbnone\u00a0\u00a0\u00bb column_link_target=\u00a0\u00a0\u00bb_self\u00a0\u00a0\u00bb column_position=\u00a0\u00a0\u00bbdefault\u00a0\u00a0\u00bb gradient_direction=\u00a0\u00a0\u00bbleft_to_right\u00a0\u00a0\u00bb overlay_strength=\u00a0\u00a0\u00bb0.3\u2033 width=\u00a0\u00a0\u00bb1\/6\u2033 tablet_width_inherit=\u00a0\u00a0\u00bbdefault\u00a0\u00a0\u00bb animation_type=\u00a0\u00a0\u00bbdefault\u00a0\u00a0\u00bb bg_image_animation=\u00a0\u00a0\u00bbnone\u00a0\u00a0\u00bb border_type=\u00a0\u00a0\u00bbsimple\u00a0\u00a0\u00bb column_border_width=\u00a0\u00a0\u00bbnone\u00a0\u00a0\u00bb column_border_style=\u00a0\u00a0\u00bbsolid\u00a0\u00a0\u00bb][\/vc_column][vc_column column_padding=\u00a0\u00a0\u00bbno-extra-padding\u00a0\u00a0\u00bb column_padding_tablet=\u00a0\u00a0\u00bbinherit\u00a0\u00a0\u00bb column_padding_phone=\u00a0\u00a0\u00bbinherit\u00a0\u00a0\u00bb column_padding_position=\u00a0\u00a0\u00bball\u00a0\u00a0\u00bb column_element_direction_desktop=\u00a0\u00a0\u00bbdefault\u00a0\u00a0\u00bb column_element_spacing=\u00a0\u00a0\u00bbdefault\u00a0\u00a0\u00bb desktop_text_alignment=\u00a0\u00a0\u00bbdefault\u00a0\u00a0\u00bb tablet_text_alignment=\u00a0\u00a0\u00bbdefault\u00a0\u00a0\u00bb phone_text_alignment=\u00a0\u00a0\u00bbdefault\u00a0\u00a0\u00bb background_color_opacity=\u00a0\u00a0\u00bb1\u2033 background_hover_color_opacity=\u00a0\u00a0\u00bb1\u2033 column_backdrop_filter=\u00a0\u00a0\u00bbnone\u00a0\u00a0\u00bb column_shadow=\u00a0\u00a0\u00bbnone\u00a0\u00a0\u00bb column_border_radius=\u00a0\u00a0\u00bbnone\u00a0\u00a0\u00bb column_link_target=\u00a0\u00a0\u00bb_self\u00a0\u00a0\u00bb column_position=\u00a0\u00a0\u00bbdefault\u00a0\u00a0\u00bb gradient_direction=\u00a0\u00a0\u00bbleft_to_right\u00a0\u00a0\u00bb overlay_strength=\u00a0\u00a0\u00bb0.3\u2033 width=\u00a0\u00a0\u00bb2\/3\u2033 tablet_width_inherit=\u00a0\u00a0\u00bbdefault\u00a0\u00a0\u00bb animation_type=\u00a0\u00a0\u00bbdefault\u00a0\u00a0\u00bb bg_image_animation=\u00a0\u00a0\u00bbnone\u00a0\u00a0\u00bb border_type=\u00a0\u00a0\u00bbsimple\u00a0\u00a0\u00bb column_border_width=\u00a0\u00a0\u00bbnone\u00a0\u00a0\u00bb column_border_style=\u00a0\u00a0\u00bbsolid\u00a0\u00a0\u00bb][vc_column_text]Nous vous invitons \u00e0 vous <a href=\"https:\/\/app.cbie.ca\/myaccount\/subscribe.aspx?l=1\" target=\"_blank\" rel=\"noopener\">abonner \u00e0 notre infolettre<\/a> et \u00e0 nous suivre sur les m\u00e9dias sociaux pour obtenir des mises \u00e0 jour sur le programme et d\u2019autres renseignements importants sur le congr\u00e8s.\n<h3>Obtenir un kiosque d\u2019exposition<\/h3>\n<p>Les commanditaires et les exposants peuvent consulter le catalogue en ligne et r\u00e9server leur kiosque directement sur le portail de paiement. Une fois le paiement effectu\u00e9, le BCEI assurera un suivi avec plus de d\u00e9tails, y compris les d\u00e9tails du portail des exposants.<\/p>\n<h3>Paiements<\/h3>\n<p>Le BCEI accepte les paiements par cartes VISA et Mastercard, par ch\u00e8que, et par virement bancaire. Les instructions de paiement se trouvent sur le Portail de paiement.<\/p>\n<h3>Espace suppl\u00e9mentaire pour le kiosque d\u2019exposition<\/h3>\n<p>Cette ann\u00e9e, le BCEI offre aux commanditaires et aux exposants la possibilit\u00e9 d\u2019acheter de l\u2019espace suppl\u00e9mentaire pour leur kiosque d\u2019exposition avec un rabais de <span class=\"nowrap\">50\u00a0%<\/span>, sous r\u00e9serve de disponibilit\u00e9. Nous vous encourageons \u00e0 acheter de l\u2019espace suppl\u00e9mentaire \u00e0 l\u2019achat de votre kiosque.<\/p>\n<h3>Portail des exposants<\/h3>\n<p>Toute la coordination de la logistique, des inclusions et des renseignements s\u2019effectue par le biais du Portail des exposants. Une fois que vous aurez confirm\u00e9 votre participation en tant qu\u2019exposant ou commanditaire, vous recevrez un courriel de bienvenue du Portail avec les instructions de connexion.<\/p>\n<h3>T\u00e2ches des exposants<\/h3>\n<p>Une liste des t\u00e2ches est disponible sur le Portail des exposants et celles-ci peuvent \u00eatre r\u00e9alis\u00e9es sur ce m\u00eame Portail. Cela permet aux exposants d\u2019envoyer au BCEI les renseignements n\u00e9cessaires \u00e0 la promotion de chaque organisation. La non-ex\u00e9cution de ces t\u00e2ches dans les d\u00e9lais impartis pourrait entra\u00eener un retard ou vous emp\u00eacher de b\u00e9n\u00e9ficier des avantages auxquels vous avez droits.<\/p>\n<h3>Graphiques et logos<\/h3>\n<p>Les commanditaires sont tenus d\u2019envoyer leurs logos et leurs visuels publicitaires au BCEI par l\u2019interm\u00e9diaire du Portail des exposants. Veillez \u00e0 soumettre votre logo et vos graphiques en format PNG, EPS ou AI (Adobe Illustrator).<\/p>\n<h3>Plan de l\u2019exposition<\/h3>\n<p>La salle d\u2019exposition du BCEI2023 sera situ\u00e9e au <a href=\"https:\/\/www.vancouverconventioncentre.com\/facility\/floor-plans-and-specs\" target=\"_blank\" rel=\"noopener\">Centre des congr\u00e8s de Vancouver <\/a>(\u00e9difice ouest, salles de bal C et D). Les exposants choisiront l\u2019emplacement de leur kiosque en fonction de l\u2019ordre dans lequel ils ont pass\u00e9 leur commande, les emplacements privil\u00e9gi\u00e9s \u00e9tant r\u00e9serv\u00e9s \u00e0 notre commanditaire en titre ainsi qu\u2019\u00e0 nos commanditaires <span class=\"nowrap\">\u00ab\u00a0Platine\u00a0\u00bb<\/span> et <span class=\"nowrap\">\u00ab\u00a0Diamant\u00a0\u00bb<\/span>. Le plan de la salle d\u2019exposition sera publi\u00e9 au mois de mai.<\/p>\n<h3>Trousse de promotion<\/h3>\n<p>Pour vous aider \u00e0 promouvoir votre participation \u00e0 notre congr\u00e8s du BCEI2023, nous vous fournirons des banni\u00e8res Web et des images \u00e0 afficher dans votre signature de courriel, sur votre site Web et sur les m\u00e9dias sociaux. La trousse sera \u00e0 votre disposition \u00e0 partir du mois d\u2019ao\u00fbt.<\/p>\n<h3>Services aux exposants<\/h3>\n<p>Le BCEI2023 s\u2019est associ\u00e9 \u00e0 <a href=\"https:\/\/www.globalconvention.ca\/exhibitors\/exhibitor-services\/\" target=\"_blank\" rel=\"noopener\">Global Convention Services<\/a> pour coordonner la logistique de la salle d\u2019exposition. La trousse compl\u00e8te des exposants sera disponible \u00e0 l\u2019automne.<\/p>\n<h3>\u00c9chantillons de nourriture et de boissons<\/h3>\n<p>Toute nourriture distribu\u00e9e au sein du Centre des congr\u00e8s doit \u00eatre approuv\u00e9e au pr\u00e9alable par le service de restauration du Centre des congr\u00e8s. Pour obtenir de plus amples renseignements au sujet des commandes de nourriture et de boissons pour votre kiosque, veuillez communiquer avec le BCEI.<\/p>\n<h3>Liste des d\u00e9l\u00e9gu\u00e9.e.s<\/h3>\n<p>Tous les commanditaires et exposants recevront la liste des d\u00e9l\u00e9gu\u00e9.e.s deux semaines avant le congr\u00e8s. La liste comprendra le nom, le titre, l\u2019\u00e9tablissement et l\u2019adresse \u00e9lectronique des personnes. En raison de la <em>Loi canadienne anti-pourriel<\/em> (LCAP), le BCEI exige que les d\u00e9l\u00e9gu\u00e9.e.s acceptent d\u2019adh\u00e9rer \u00e0 la liste de diffusion au moment de s\u2019inscrire au congr\u00e8s. Seules les personnes ayant donn\u00e9 leur consentement seront ajout\u00e9es \u00e0 la liste des d\u00e9l\u00e9gu\u00e9.e.s.<\/p>\n<h3>Webinaire destin\u00e9 aux exposants<\/h3>\n<p>Les exposants sont invit\u00e9s \u00e0 participer \u00e0 la s\u00e9ance d\u2019information qui leur est destin\u00e9e. Celle-ci aura lieu en <span class=\"nowrap\">septembre 2023<\/span>. La date et l\u2019heure exacte seront donc annonc\u00e9es \u00e0 l\u2019approche du mois de septembre.<\/p>\n<h3>Annulation<\/h3>\n<p>Les commanditaires auront droit \u00e0 un remboursement complet, moins des frais de traitement de <span class=\"nowrap\">3\u00a0%<\/span>, si la demande d\u2019annulation est re\u00e7ue par \u00e9crit avant <span class=\"nowrap\">17 h<\/span>, heure d\u2019Ottawa (Ontario), le <span class=\"nowrap\">31 juillet 2023<\/span>. Aucun remboursement ne sera accord\u00e9 pour les demandes d\u2019annulation re\u00e7ues apr\u00e8s cette date.[\/vc_column_text][\/vc_column][vc_column column_padding=\u00a0\u00a0\u00bbno-extra-padding\u00a0\u00a0\u00bb column_padding_tablet=\u00a0\u00a0\u00bbinherit\u00a0\u00a0\u00bb column_padding_phone=\u00a0\u00a0\u00bbinherit\u00a0\u00a0\u00bb column_padding_position=\u00a0\u00a0\u00bball\u00a0\u00a0\u00bb column_element_direction_desktop=\u00a0\u00a0\u00bbdefault\u00a0\u00a0\u00bb column_element_spacing=\u00a0\u00a0\u00bbdefault\u00a0\u00a0\u00bb desktop_text_alignment=\u00a0\u00a0\u00bbdefault\u00a0\u00a0\u00bb tablet_text_alignment=\u00a0\u00a0\u00bbdefault\u00a0\u00a0\u00bb phone_text_alignment=\u00a0\u00a0\u00bbdefault\u00a0\u00a0\u00bb background_color_opacity=\u00a0\u00a0\u00bb1\u2033 background_hover_color_opacity=\u00a0\u00a0\u00bb1\u2033 column_backdrop_filter=\u00a0\u00a0\u00bbnone\u00a0\u00a0\u00bb column_shadow=\u00a0\u00a0\u00bbnone\u00a0\u00a0\u00bb column_border_radius=\u00a0\u00a0\u00bbnone\u00a0\u00a0\u00bb column_link_target=\u00a0\u00a0\u00bb_self\u00a0\u00a0\u00bb column_position=\u00a0\u00a0\u00bbdefault\u00a0\u00a0\u00bb gradient_direction=\u00a0\u00a0\u00bbleft_to_right\u00a0\u00a0\u00bb overlay_strength=\u00a0\u00a0\u00bb0.3\u2033 width=\u00a0\u00a0\u00bb1\/6\u2033 tablet_width_inherit=\u00a0\u00a0\u00bbdefault\u00a0\u00a0\u00bb animation_type=\u00a0\u00a0\u00bbdefault\u00a0\u00a0\u00bb bg_image_animation=\u00a0\u00a0\u00bbnone\u00a0\u00a0\u00bb border_type=\u00a0\u00a0\u00bbsimple\u00a0\u00a0\u00bb column_border_width=\u00a0\u00a0\u00bbnone\u00a0\u00a0\u00bb column_border_style=\u00a0\u00a0\u00bbsolid\u00a0\u00a0\u00bb][\/vc_column][\/vc_row]\n<\/p>","protected":false},"excerpt":{"rendered":"<p>[vc_row type=\u00a0\u00a0\u00bbfull_width_background\u00a0\u00a0\u00bb full_screen_row_position=\u00a0\u00a0\u00bbmiddle\u00a0\u00a0\u00bb column_margin=\u00a0\u00a0\u00bbdefault\u00a0\u00a0\u00bb column_direction=\u00a0\u00a0\u00bbdefault\u00a0\u00a0\u00bb column_direction_tablet=\u00a0\u00a0\u00bbdefault\u00a0\u00a0\u00bb column_direction_phone=\u00a0\u00a0\u00bbdefault\u00a0\u00a0\u00bb bg_image=\u00a0\u00a0\u00bb920\u2033 bg_position=\u00a0\u00a0\u00bbcenter center\u00a0\u00a0\u00bb background_image_loading=\u00a0\u00a0\u00bbdefault\u00a0\u00a0\u00bb bg_repeat=\u00a0\u00a0\u00bbno-repeat\u00a0\u00a0\u00bb scene_position=\u00a0\u00a0\u00bbcenter\u00a0\u00a0\u00bb top_padding=\u00a0\u00a0\u00bb16%\u00a0\u00a0\u00bb bottom_padding=\u00a0\u00a0\u00bb10%\u00a0\u00a0\u00bb text_color=\u00a0\u00a0\u00bblight\u00a0\u00a0\u00bb text_align=\u00a0\u00a0\u00bbcenter\u00a0\u00a0\u00bb row_border_radius=\u00a0\u00a0\u00bbnone\u00a0\u00a0\u00bb row_border_radius_applies=\u00a0\u00a0\u00bbbg\u00a0\u00a0\u00bb overflow=\u00a0\u00a0\u00bbvisible\u00a0\u00a0\u00bb color_overlay=\u00a0\u00a0\u00bb#000000\u2033 overlay_strength=\u00a0\u00a0\u00bb0.3\u2033 gradient_direction=\u00a0\u00a0\u00bbleft_to_right\u00a0\u00a0\u00bb shape_divider_position=\u00a0\u00a0\u00bbbottom\u00a0\u00a0\u00bb bg_image_animation=\u00a0\u00a0\u00bbnone\u00a0\u00a0\u00bb gradient_type=\u00a0\u00a0\u00bbdefault\u00a0\u00a0\u00bb shape_type=\u00a0\u00a0\u00bb\u00a0\u00a0\u00bb][vc_column column_padding=\u00a0\u00a0\u00bbno-extra-padding\u00a0\u00a0\u00bb column_padding_tablet=\u00a0\u00a0\u00bbinherit\u00a0\u00a0\u00bb column_padding_phone=\u00a0\u00a0\u00bbinherit\u00a0\u00a0\u00bb&#8230;<\/p>\n","protected":false},"author":1,"featured_media":0,"parent":0,"menu_order":0,"comment_status":"closed","ping_status":"closed","template":"","meta":{"footnotes":""},"class_list":["post-877","page","type-page","status-publish"],"yoast_head":"<!-- This site is optimized with the Yoast SEO plugin v27.4 - https:\/\/yoast.com\/product\/yoast-seo-wordpress\/ -->\n<title>Renseignements destin\u00e9s aux commanditaires et aux exposants - 2023.cbieconference.ca<\/title>\n<meta name=\"robots\" content=\"index, follow, max-snippet:-1, max-image-preview:large, max-video-preview:-1\" \/>\n<link rel=\"canonical\" href=\"https:\/\/2023.cbieconference.ca\/sponsor-exhibit-info\/\" \/>\n<meta property=\"og:locale\" content=\"fr_FR\" \/>\n<meta property=\"og:type\" content=\"article\" \/>\n<meta property=\"og:title\" content=\"Renseignements destin\u00e9s aux commanditaires et aux exposants - 2023.cbieconference.ca\" \/>\n<meta property=\"og:description\" content=\"[vc_row type=\u00a0\u00a0\u00bbfull_width_background\u00a0\u00a0\u00bb full_screen_row_position=\u00a0\u00a0\u00bbmiddle\u00a0\u00a0\u00bb column_margin=\u00a0\u00a0\u00bbdefault\u00a0\u00a0\u00bb column_direction=\u00a0\u00a0\u00bbdefault\u00a0\u00a0\u00bb column_direction_tablet=\u00a0\u00a0\u00bbdefault\u00a0\u00a0\u00bb column_direction_phone=\u00a0\u00a0\u00bbdefault\u00a0\u00a0\u00bb bg_image=\u00a0\u00a0\u00bb920\u2033 bg_position=\u00a0\u00a0\u00bbcenter center\u00a0\u00a0\u00bb background_image_loading=\u00a0\u00a0\u00bbdefault\u00a0\u00a0\u00bb bg_repeat=\u00a0\u00a0\u00bbno-repeat\u00a0\u00a0\u00bb scene_position=\u00a0\u00a0\u00bbcenter\u00a0\u00a0\u00bb top_padding=\u00a0\u00a0\u00bb16%\u00a0\u00a0\u00bb bottom_padding=\u00a0\u00a0\u00bb10%\u00a0\u00a0\u00bb text_color=\u00a0\u00a0\u00bblight\u00a0\u00a0\u00bb text_align=\u00a0\u00a0\u00bbcenter\u00a0\u00a0\u00bb row_border_radius=\u00a0\u00a0\u00bbnone\u00a0\u00a0\u00bb row_border_radius_applies=\u00a0\u00a0\u00bbbg\u00a0\u00a0\u00bb overflow=\u00a0\u00a0\u00bbvisible\u00a0\u00a0\u00bb color_overlay=\u00a0\u00a0\u00bb#000000\u2033 overlay_strength=\u00a0\u00a0\u00bb0.3\u2033 gradient_direction=\u00a0\u00a0\u00bbleft_to_right\u00a0\u00a0\u00bb shape_divider_position=\u00a0\u00a0\u00bbbottom\u00a0\u00a0\u00bb bg_image_animation=\u00a0\u00a0\u00bbnone\u00a0\u00a0\u00bb gradient_type=\u00a0\u00a0\u00bbdefault\u00a0\u00a0\u00bb shape_type=\u00a0\u00a0\u00bb\u00a0\u00a0\u00bb][vc_column column_padding=\u00a0\u00a0\u00bbno-extra-padding\u00a0\u00a0\u00bb column_padding_tablet=\u00a0\u00a0\u00bbinherit\u00a0\u00a0\u00bb column_padding_phone=\u00a0\u00a0\u00bbinherit\u00a0\u00a0\u00bb...\" \/>\n<meta property=\"og:url\" content=\"https:\/\/2023.cbieconference.ca\/sponsor-exhibit-info\/\" \/>\n<meta property=\"og:site_name\" content=\"2023.cbieconference.ca\" \/>\n<meta property=\"article:modified_time\" content=\"2023-07-12T15:24:56+00:00\" \/>\n<meta name=\"twitter:card\" content=\"summary_large_image\" \/>\n<meta name=\"twitter:label1\" content=\"Dur\u00e9e de lecture estim\u00e9e\" \/>\n\t<meta name=\"twitter:data1\" content=\"7 minutes\" \/>\n<script type=\"application\/ld+json\" class=\"yoast-schema-graph\">{\"@context\":\"https:\\\/\\\/schema.org\",\"@graph\":[{\"@type\":\"WebPage\",\"@id\":\"https:\\\/\\\/2023.cbieconference.ca\\\/sponsor-exhibit-info\\\/\",\"url\":\"https:\\\/\\\/2023.cbieconference.ca\\\/sponsor-exhibit-info\\\/\",\"name\":\"Renseignements destin\u00e9s aux commanditaires et aux exposants - 2023.cbieconference.ca\",\"isPartOf\":{\"@id\":\"https:\\\/\\\/2023.cbieconference.ca\\\/#website\"},\"datePublished\":\"2023-03-04T04:55:44+00:00\",\"dateModified\":\"2023-07-12T15:24:56+00:00\",\"breadcrumb\":{\"@id\":\"https:\\\/\\\/2023.cbieconference.ca\\\/sponsor-exhibit-info\\\/#breadcrumb\"},\"inLanguage\":\"fr-FR\",\"potentialAction\":[{\"@type\":\"ReadAction\",\"target\":[\"https:\\\/\\\/2023.cbieconference.ca\\\/sponsor-exhibit-info\\\/\"]}]},{\"@type\":\"BreadcrumbList\",\"@id\":\"https:\\\/\\\/2023.cbieconference.ca\\\/sponsor-exhibit-info\\\/#breadcrumb\",\"itemListElement\":[{\"@type\":\"ListItem\",\"position\":1,\"name\":\"Home\",\"item\":\"https:\\\/\\\/2023.cbieconference.ca\\\/fr\\\/\"},{\"@type\":\"ListItem\",\"position\":2,\"name\":\"Renseignements destin\u00e9s aux commanditaires et aux exposants\"}]},{\"@type\":\"WebSite\",\"@id\":\"https:\\\/\\\/2023.cbieconference.ca\\\/#website\",\"url\":\"https:\\\/\\\/2023.cbieconference.ca\\\/\",\"name\":\"2023.cbieconference.ca\",\"description\":\"CBIE Annual Conference\",\"potentialAction\":[{\"@type\":\"SearchAction\",\"target\":{\"@type\":\"EntryPoint\",\"urlTemplate\":\"https:\\\/\\\/2023.cbieconference.ca\\\/?s={search_term_string}\"},\"query-input\":{\"@type\":\"PropertyValueSpecification\",\"valueRequired\":true,\"valueName\":\"search_term_string\"}}],\"inLanguage\":\"fr-FR\"}]}<\/script>\n<!-- \/ Yoast SEO plugin. -->","yoast_head_json":{"title":"Renseignements destin\u00e9s aux commanditaires et aux exposants - 2023.cbieconference.ca","robots":{"index":"index","follow":"follow","max-snippet":"max-snippet:-1","max-image-preview":"max-image-preview:large","max-video-preview":"max-video-preview:-1"},"canonical":"https:\/\/2023.cbieconference.ca\/sponsor-exhibit-info\/","og_locale":"fr_FR","og_type":"article","og_title":"Renseignements destin\u00e9s aux commanditaires et aux exposants - 2023.cbieconference.ca","og_description":"[vc_row type=\u00a0\u00a0\u00bbfull_width_background\u00a0\u00a0\u00bb full_screen_row_position=\u00a0\u00a0\u00bbmiddle\u00a0\u00a0\u00bb column_margin=\u00a0\u00a0\u00bbdefault\u00a0\u00a0\u00bb column_direction=\u00a0\u00a0\u00bbdefault\u00a0\u00a0\u00bb column_direction_tablet=\u00a0\u00a0\u00bbdefault\u00a0\u00a0\u00bb column_direction_phone=\u00a0\u00a0\u00bbdefault\u00a0\u00a0\u00bb bg_image=\u00a0\u00a0\u00bb920\u2033 bg_position=\u00a0\u00a0\u00bbcenter center\u00a0\u00a0\u00bb background_image_loading=\u00a0\u00a0\u00bbdefault\u00a0\u00a0\u00bb bg_repeat=\u00a0\u00a0\u00bbno-repeat\u00a0\u00a0\u00bb scene_position=\u00a0\u00a0\u00bbcenter\u00a0\u00a0\u00bb top_padding=\u00a0\u00a0\u00bb16%\u00a0\u00a0\u00bb bottom_padding=\u00a0\u00a0\u00bb10%\u00a0\u00a0\u00bb text_color=\u00a0\u00a0\u00bblight\u00a0\u00a0\u00bb text_align=\u00a0\u00a0\u00bbcenter\u00a0\u00a0\u00bb row_border_radius=\u00a0\u00a0\u00bbnone\u00a0\u00a0\u00bb row_border_radius_applies=\u00a0\u00a0\u00bbbg\u00a0\u00a0\u00bb overflow=\u00a0\u00a0\u00bbvisible\u00a0\u00a0\u00bb color_overlay=\u00a0\u00a0\u00bb#000000\u2033 overlay_strength=\u00a0\u00a0\u00bb0.3\u2033 gradient_direction=\u00a0\u00a0\u00bbleft_to_right\u00a0\u00a0\u00bb shape_divider_position=\u00a0\u00a0\u00bbbottom\u00a0\u00a0\u00bb bg_image_animation=\u00a0\u00a0\u00bbnone\u00a0\u00a0\u00bb gradient_type=\u00a0\u00a0\u00bbdefault\u00a0\u00a0\u00bb shape_type=\u00a0\u00a0\u00bb\u00a0\u00a0\u00bb][vc_column column_padding=\u00a0\u00a0\u00bbno-extra-padding\u00a0\u00a0\u00bb column_padding_tablet=\u00a0\u00a0\u00bbinherit\u00a0\u00a0\u00bb column_padding_phone=\u00a0\u00a0\u00bbinherit\u00a0\u00a0\u00bb...","og_url":"https:\/\/2023.cbieconference.ca\/sponsor-exhibit-info\/","og_site_name":"2023.cbieconference.ca","article_modified_time":"2023-07-12T15:24:56+00:00","twitter_card":"summary_large_image","twitter_misc":{"Dur\u00e9e de lecture estim\u00e9e":"7 minutes"},"schema":{"@context":"https:\/\/schema.org","@graph":[{"@type":"WebPage","@id":"https:\/\/2023.cbieconference.ca\/sponsor-exhibit-info\/","url":"https:\/\/2023.cbieconference.ca\/sponsor-exhibit-info\/","name":"Renseignements destin\u00e9s aux commanditaires et aux exposants - 2023.cbieconference.ca","isPartOf":{"@id":"https:\/\/2023.cbieconference.ca\/#website"},"datePublished":"2023-03-04T04:55:44+00:00","dateModified":"2023-07-12T15:24:56+00:00","breadcrumb":{"@id":"https:\/\/2023.cbieconference.ca\/sponsor-exhibit-info\/#breadcrumb"},"inLanguage":"fr-FR","potentialAction":[{"@type":"ReadAction","target":["https:\/\/2023.cbieconference.ca\/sponsor-exhibit-info\/"]}]},{"@type":"BreadcrumbList","@id":"https:\/\/2023.cbieconference.ca\/sponsor-exhibit-info\/#breadcrumb","itemListElement":[{"@type":"ListItem","position":1,"name":"Home","item":"https:\/\/2023.cbieconference.ca\/fr\/"},{"@type":"ListItem","position":2,"name":"Renseignements destin\u00e9s aux commanditaires et aux exposants"}]},{"@type":"WebSite","@id":"https:\/\/2023.cbieconference.ca\/#website","url":"https:\/\/2023.cbieconference.ca\/","name":"2023.cbieconference.ca","description":"CBIE Annual Conference","potentialAction":[{"@type":"SearchAction","target":{"@type":"EntryPoint","urlTemplate":"https:\/\/2023.cbieconference.ca\/?s={search_term_string}"},"query-input":{"@type":"PropertyValueSpecification","valueRequired":true,"valueName":"search_term_string"}}],"inLanguage":"fr-FR"}]}},"_links":{"self":[{"href":"https:\/\/2023.cbieconference.ca\/fr\/wp-json\/wp\/v2\/pages\/877","targetHints":{"allow":["GET"]}}],"collection":[{"href":"https:\/\/2023.cbieconference.ca\/fr\/wp-json\/wp\/v2\/pages"}],"about":[{"href":"https:\/\/2023.cbieconference.ca\/fr\/wp-json\/wp\/v2\/types\/page"}],"author":[{"embeddable":true,"href":"https:\/\/2023.cbieconference.ca\/fr\/wp-json\/wp\/v2\/users\/1"}],"replies":[{"embeddable":true,"href":"https:\/\/2023.cbieconference.ca\/fr\/wp-json\/wp\/v2\/comments?post=877"}],"version-history":[{"count":0,"href":"https:\/\/2023.cbieconference.ca\/fr\/wp-json\/wp\/v2\/pages\/877\/revisions"}],"wp:attachment":[{"href":"https:\/\/2023.cbieconference.ca\/fr\/wp-json\/wp\/v2\/media?parent=877"}],"curies":[{"name":"wp","href":"https:\/\/api.w.org\/{rel}","templated":true}]}}