{"id":5448,"date":"2025-10-22T08:33:22","date_gmt":"2025-10-22T15:33:22","guid":{"rendered":"https:\/\/2023.cbieconference.ca\/?page_id=5448"},"modified":"2025-10-22T10:47:59","modified_gmt":"2025-10-22T17:47:59","slug":"test-plugin-de-correction-typographique-francaise","status":"publish","type":"page","link":"https:\/\/2023.cbieconference.ca\/fr\/test-plugin-de-correction-typographique-francaise\/","title":{"rendered":"Test : Plugin de correction typographique fran\u00e7aise"},"content":{"rendered":"[vc_row type=\u00a0\u00a0\u00bbfull_width_background\u00a0\u00a0\u00bb full_screen_row_position=\u00a0\u00a0\u00bbmiddle\u00a0\u00a0\u00bb column_margin=\u00a0\u00a0\u00bbdefault\u00a0\u00a0\u00bb column_direction=\u00a0\u00a0\u00bbdefault\u00a0\u00a0\u00bb column_direction_tablet=\u00a0\u00a0\u00bbdefault\u00a0\u00a0\u00bb column_direction_phone=\u00a0\u00a0\u00bbdefault\u00a0\u00a0\u00bb bg_image=\u00a0\u00a0\u00bb514\u2033 bg_position=\u00a0\u00a0\u00bbcenter top\u00a0\u00a0\u00bb background_image_loading=\u00a0\u00a0\u00bbdefault\u00a0\u00a0\u00bb bg_repeat=\u00a0\u00a0\u00bbno-repeat\u00a0\u00a0\u00bb scene_position=\u00a0\u00a0\u00bbcenter\u00a0\u00a0\u00bb top_padding=\u00a0\u00a0\u00bb16%\u00a0\u00a0\u00bb bottom_padding=\u00a0\u00a0\u00bb10%\u00a0\u00a0\u00bb text_color=\u00a0\u00a0\u00bblight\u00a0\u00a0\u00bb text_align=\u00a0\u00a0\u00bbcenter\u00a0\u00a0\u00bb row_border_radius=\u00a0\u00a0\u00bbnone\u00a0\u00a0\u00bb row_border_radius_applies=\u00a0\u00a0\u00bbbg\u00a0\u00a0\u00bb overflow=\u00a0\u00a0\u00bbvisible\u00a0\u00a0\u00bb color_overlay=\u00a0\u00a0\u00bb#000000\u2033 overlay_strength=\u00a0\u00a0\u00bb0.3\u2033 gradient_direction=\u00a0\u00a0\u00bbleft_to_right\u00a0\u00a0\u00bb shape_divider_position=\u00a0\u00a0\u00bbbottom\u00a0\u00a0\u00bb bg_image_animation=\u00a0\u00a0\u00bbnone\u00a0\u00a0\u00bb gradient_type=\u00a0\u00a0\u00bbdefault\u00a0\u00a0\u00bb shape_type=\u00a0\u00a0\u00bb\u00a0\u00a0\u00bb][vc_column column_padding=\u00a0\u00a0\u00bbno-extra-padding\u00a0\u00a0\u00bb column_padding_tablet=\u00a0\u00a0\u00bbinherit\u00a0\u00a0\u00bb column_padding_phone=\u00a0\u00a0\u00bbinherit\u00a0\u00a0\u00bb column_padding_position=\u00a0\u00a0\u00bball\u00a0\u00a0\u00bb column_element_direction_desktop=\u00a0\u00a0\u00bbdefault\u00a0\u00a0\u00bb column_element_spacing=\u00a0\u00a0\u00bbdefault\u00a0\u00a0\u00bb desktop_text_alignment=\u00a0\u00a0\u00bbdefault\u00a0\u00a0\u00bb tablet_text_alignment=\u00a0\u00a0\u00bbdefault\u00a0\u00a0\u00bb phone_text_alignment=\u00a0\u00a0\u00bbdefault\u00a0\u00a0\u00bb background_color_opacity=\u00a0\u00a0\u00bb1\u2033 background_hover_color_opacity=\u00a0\u00a0\u00bb1\u2033 column_backdrop_filter=\u00a0\u00a0\u00bbnone\u00a0\u00a0\u00bb column_shadow=\u00a0\u00a0\u00bbnone\u00a0\u00a0\u00bb column_border_radius=\u00a0\u00a0\u00bbnone\u00a0\u00a0\u00bb column_link_target=\u00a0\u00a0\u00bb_self\u00a0\u00a0\u00bb column_position=\u00a0\u00a0\u00bbdefault\u00a0\u00a0\u00bb gradient_direction=\u00a0\u00a0\u00bbleft_to_right\u00a0\u00a0\u00bb overlay_strength=\u00a0\u00a0\u00bb0.3\u2033 width=\u00a0\u00a0\u00bb1\/1\u2033 tablet_width_inherit=\u00a0\u00a0\u00bbdefault\u00a0\u00a0\u00bb animation_type=\u00a0\u00a0\u00bbdefault\u00a0\u00a0\u00bb bg_image_animation=\u00a0\u00a0\u00bbnone\u00a0\u00a0\u00bb border_type=\u00a0\u00a0\u00bbsimple\u00a0\u00a0\u00bb column_border_width=\u00a0\u00a0\u00bbnone\u00a0\u00a0\u00bb column_border_style=\u00a0\u00a0\u00bbsolid\u00a0\u00a0\u00bb][vc_column_text]\n<h1>Test\u00a0: Plugin de correction typographique fran\u00e7aise<\/h1>\n[\/vc_column_text][divider line_type=\u00a0\u00a0\u00bbSmall Line\u00a0\u00a0\u00bb line_alignment=\u00a0\u00a0\u00bbcenter\u00a0\u00a0\u00bb line_thickness=\u00a0\u00a0\u00bb2\u2033 divider_color=\u00a0\u00a0\u00bbextra-color-1\u2033 custom_height=\u00a0\u00a0\u00bb80\u2033][\/vc_column][\/vc_row][vc_row type=\u00a0\u00a0\u00bbin_container\u00a0\u00a0\u00bb full_screen_row_position=\u00a0\u00a0\u00bbmiddle\u00a0\u00a0\u00bb column_margin=\u00a0\u00a0\u00bbdefault\u00a0\u00a0\u00bb column_direction=\u00a0\u00a0\u00bbdefault\u00a0\u00a0\u00bb column_direction_tablet=\u00a0\u00a0\u00bbdefault\u00a0\u00a0\u00bb column_direction_phone=\u00a0\u00a0\u00bbdefault\u00a0\u00a0\u00bb scene_position=\u00a0\u00a0\u00bbcenter\u00a0\u00a0\u00bb top_padding=\u00a0\u00a0\u00bb5%\u00a0\u00a0\u00bb bottom_padding=\u00a0\u00a0\u00bb5%\u00a0\u00a0\u00bb text_color=\u00a0\u00a0\u00bbdark\u00a0\u00a0\u00bb text_align=\u00a0\u00a0\u00bbleft\u00a0\u00a0\u00bb row_border_radius=\u00a0\u00a0\u00bbnone\u00a0\u00a0\u00bb row_border_radius_applies=\u00a0\u00a0\u00bbbg\u00a0\u00a0\u00bb overflow=\u00a0\u00a0\u00bbvisible\u00a0\u00a0\u00bb overlay_strength=\u00a0\u00a0\u00bb0.3\u2033 gradient_direction=\u00a0\u00a0\u00bbleft_to_right\u00a0\u00a0\u00bb shape_divider_position=\u00a0\u00a0\u00bbbottom\u00a0\u00a0\u00bb bg_image_animation=\u00a0\u00a0\u00bbnone\u00a0\u00a0\u00bb gradient_type=\u00a0\u00a0\u00bbdefault\u00a0\u00a0\u00bb shape_type=\u00a0\u00a0\u00bb\u00a0\u00a0\u00bb][vc_column column_padding=\u00a0\u00a0\u00bbno-extra-padding\u00a0\u00a0\u00bb column_padding_tablet=\u00a0\u00a0\u00bbinherit\u00a0\u00a0\u00bb column_padding_phone=\u00a0\u00a0\u00bbinherit\u00a0\u00a0\u00bb column_padding_position=\u00a0\u00a0\u00bball\u00a0\u00a0\u00bb column_element_direction_desktop=\u00a0\u00a0\u00bbdefault\u00a0\u00a0\u00bb column_element_spacing=\u00a0\u00a0\u00bbdefault\u00a0\u00a0\u00bb desktop_text_alignment=\u00a0\u00a0\u00bbdefault\u00a0\u00a0\u00bb tablet_text_alignment=\u00a0\u00a0\u00bbdefault\u00a0\u00a0\u00bb phone_text_alignment=\u00a0\u00a0\u00bbdefault\u00a0\u00a0\u00bb background_color_opacity=\u00a0\u00a0\u00bb1\u2033 background_hover_color_opacity=\u00a0\u00a0\u00bb1\u2033 column_backdrop_filter=\u00a0\u00a0\u00bbnone\u00a0\u00a0\u00bb column_shadow=\u00a0\u00a0\u00bbnone\u00a0\u00a0\u00bb column_border_radius=\u00a0\u00a0\u00bbnone\u00a0\u00a0\u00bb column_link_target=\u00a0\u00a0\u00bb_self\u00a0\u00a0\u00bb column_position=\u00a0\u00a0\u00bbdefault\u00a0\u00a0\u00bb gradient_direction=\u00a0\u00a0\u00bbleft_to_right\u00a0\u00a0\u00bb overlay_strength=\u00a0\u00a0\u00bb0.3\u2033 width=\u00a0\u00a0\u00bb1\/6\u2033 tablet_width_inherit=\u00a0\u00a0\u00bbdefault\u00a0\u00a0\u00bb animation_type=\u00a0\u00a0\u00bbdefault\u00a0\u00a0\u00bb bg_image_animation=\u00a0\u00a0\u00bbnone\u00a0\u00a0\u00bb border_type=\u00a0\u00a0\u00bbsimple\u00a0\u00a0\u00bb column_border_width=\u00a0\u00a0\u00bbnone\u00a0\u00a0\u00bb column_border_style=\u00a0\u00a0\u00bbsolid\u00a0\u00a0\u00bb][\/vc_column][vc_column column_padding=\u00a0\u00a0\u00bbno-extra-padding\u00a0\u00a0\u00bb column_padding_tablet=\u00a0\u00a0\u00bbinherit\u00a0\u00a0\u00bb column_padding_phone=\u00a0\u00a0\u00bbinherit\u00a0\u00a0\u00bb column_padding_position=\u00a0\u00a0\u00bball\u00a0\u00a0\u00bb column_element_direction_desktop=\u00a0\u00a0\u00bbdefault\u00a0\u00a0\u00bb column_element_spacing=\u00a0\u00a0\u00bbdefault\u00a0\u00a0\u00bb desktop_text_alignment=\u00a0\u00a0\u00bbdefault\u00a0\u00a0\u00bb tablet_text_alignment=\u00a0\u00a0\u00bbdefault\u00a0\u00a0\u00bb phone_text_alignment=\u00a0\u00a0\u00bbdefault\u00a0\u00a0\u00bb background_color_opacity=\u00a0\u00a0\u00bb1\u2033 background_hover_color_opacity=\u00a0\u00a0\u00bb1\u2033 column_backdrop_filter=\u00a0\u00a0\u00bbnone\u00a0\u00a0\u00bb column_shadow=\u00a0\u00a0\u00bbnone\u00a0\u00a0\u00bb column_border_radius=\u00a0\u00a0\u00bbnone\u00a0\u00a0\u00bb column_link_target=\u00a0\u00a0\u00bb_self\u00a0\u00a0\u00bb column_position=\u00a0\u00a0\u00bbdefault\u00a0\u00a0\u00bb gradient_direction=\u00a0\u00a0\u00bbleft_to_right\u00a0\u00a0\u00bb overlay_strength=\u00a0\u00a0\u00bb0.3\u2033 width=\u00a0\u00a0\u00bb2\/3\u2033 tablet_width_inherit=\u00a0\u00a0\u00bbdefault\u00a0\u00a0\u00bb animation_type=\u00a0\u00a0\u00bbdefault\u00a0\u00a0\u00bb bg_image_animation=\u00a0\u00a0\u00bbnone\u00a0\u00a0\u00bb border_type=\u00a0\u00a0\u00bbsimple\u00a0\u00a0\u00bb column_border_width=\u00a0\u00a0\u00bbnone\u00a0\u00a0\u00bb column_border_style=\u00a0\u00a0\u00bbsolid\u00a0\u00a0\u00bb][vc_column_text]En 2025, la population mondiale a d\u00e9pass\u00e9 8\u00a0000\u00a0000\u00a0000 habitants. Selon le rapport \u00e9conomique, 25\u00a0% des m\u00e9nages d\u00e9pensent plus de 50\u00a0000\u00a0$ par an en alimentation et en loisirs. \u00ab\u00a0Est-ce raisonnable?\u00a0\u00bb demanda le ministre. Les r\u00e9ponses variaient\u00a0: certains disaient que c\u2019\u00e9tait n\u00e9cessaire, d\u2019autres que c\u2019\u00e9tait excessif.\n<p>Le gouvernement a propos\u00e9 plusieurs mesures\u00a0: r\u00e9duire la TVA de 2\u00a0%; offrir des subventions pour les familles avec enfants; et promouvoir des programmes \u00e9ducatifs sur la gestion des finances. Un programme pilote a \u00e9t\u00e9 lanc\u00e9 dans 1\u00a0200 \u00e9coles, touchant plus de 300\u00a0000 \u00e9l\u00e8ves. Les r\u00e9sultats ont montr\u00e9 une am\u00e9lioration de 15\u00a0% de la compr\u00e9hension financi\u00e8re.<\/p>\n<p>Dans le domaine de l\u2019\u00e9nergie, les investissements ont atteint 1\u00a0500\u00a0000\u00a0000\u00a0$ pour soutenir les \u00e9nergies renouvelables. \u00ab\u00a0Nous devons agir maintenant\u2014sinon les cons\u00e9quences seront irr\u00e9versibles\u00a0\u00bb, a averti le scientifique principal. L\u2019initiative inclut le d\u00e9veloppement de parcs solaires et \u00e9oliens, la modernisation des r\u00e9seaux \u00e9lectriques et la cr\u00e9ation d\u2019emplois verts. Les pr\u00e9visions indiquent une augmentation de 20\u00a0% de la production \u00e9nerg\u00e9tique durable d\u2019ici 2030.<\/p>\n<p>La sant\u00e9 publique est \u00e9galement une priorit\u00e9. Le taux de vaccination a atteint 95\u00a0% dans les zones urbaines et 88\u00a0% dans les zones rurales. Des campagnes d\u2019information ont \u00e9t\u00e9 diffus\u00e9es\u00a0: \u00ab\u00a0Prot\u00e9gez-vous et prot\u00e9gez les autres!\u00a0\u00bb Les h\u00f4pitaux ont \u00e9t\u00e9 modernis\u00e9s; le personnel a suivi des formations continues et le budget a \u00e9t\u00e9 augment\u00e9 de 1\u00a0200\u00a0$ par patient pour am\u00e9liorer la qualit\u00e9 des soins.<\/p>\n<p>Enfin, la culture et les loisirs ne sont pas oubli\u00e9s. Plus de 1\u00a0000 festivals ont \u00e9t\u00e9 organis\u00e9s \u00e0 travers le pays, et 500 biblioth\u00e8ques ont \u00e9t\u00e9 r\u00e9nov\u00e9es. Les mus\u00e9es ont accueilli plus de 2\u00a0500\u00a0000 visiteurs et ont introduit des expositions interactives\u00a0: r\u00e9alit\u00e9 virtuelle, ateliers pour enfants, projections de films historiques. L\u2019objectif est de promouvoir l\u2019inclusion et de rapprocher les citoyens de leur patrimoine.<\/p>\n<p>En r\u00e9sum\u00e9, 2025 a \u00e9t\u00e9 une ann\u00e9e de d\u00e9fis et d\u2019innovations\u00a0: croissance d\u00e9mographique, investissements massifs, avanc\u00e9es en \u00e9ducation et sant\u00e9, et valorisation de la culture. Gr\u00e2ce \u00e0 ces initiatives, il est pr\u00e9vu que le bien-\u00eatre de la population augmente de 10\u00a0% et que la participation citoyenne s\u2019am\u00e9liore significativement. Les experts concluent que, m\u00eame si des obstacles subsistent, les mesures prises \u00e9tablissent un mod\u00e8le durable et reproductible pour les ann\u00e9es \u00e0 venir.[\/vc_column_text][\/vc_column][vc_column column_padding=\u00a0\u00a0\u00bbno-extra-padding\u00a0\u00a0\u00bb column_padding_tablet=\u00a0\u00a0\u00bbinherit\u00a0\u00a0\u00bb column_padding_phone=\u00a0\u00a0\u00bbinherit\u00a0\u00a0\u00bb column_padding_position=\u00a0\u00a0\u00bball\u00a0\u00a0\u00bb column_element_direction_desktop=\u00a0\u00a0\u00bbdefault\u00a0\u00a0\u00bb column_element_spacing=\u00a0\u00a0\u00bbdefault\u00a0\u00a0\u00bb desktop_text_alignment=\u00a0\u00a0\u00bbdefault\u00a0\u00a0\u00bb tablet_text_alignment=\u00a0\u00a0\u00bbdefault\u00a0\u00a0\u00bb phone_text_alignment=\u00a0\u00a0\u00bbdefault\u00a0\u00a0\u00bb background_color_opacity=\u00a0\u00a0\u00bb1\u2033 background_hover_color_opacity=\u00a0\u00a0\u00bb1\u2033 column_backdrop_filter=\u00a0\u00a0\u00bbnone\u00a0\u00a0\u00bb column_shadow=\u00a0\u00a0\u00bbnone\u00a0\u00a0\u00bb column_border_radius=\u00a0\u00a0\u00bbnone\u00a0\u00a0\u00bb column_link_target=\u00a0\u00a0\u00bb_self\u00a0\u00a0\u00bb column_position=\u00a0\u00a0\u00bbdefault\u00a0\u00a0\u00bb gradient_direction=\u00a0\u00a0\u00bbleft_to_right\u00a0\u00a0\u00bb overlay_strength=\u00a0\u00a0\u00bb0.3\u2033 width=\u00a0\u00a0\u00bb1\/6\u2033 tablet_width_inherit=\u00a0\u00a0\u00bbdefault\u00a0\u00a0\u00bb animation_type=\u00a0\u00a0\u00bbdefault\u00a0\u00a0\u00bb bg_image_animation=\u00a0\u00a0\u00bbnone\u00a0\u00a0\u00bb border_type=\u00a0\u00a0\u00bbsimple\u00a0\u00a0\u00bb column_border_width=\u00a0\u00a0\u00bbnone\u00a0\u00a0\u00bb column_border_style=\u00a0\u00a0\u00bbsolid\u00a0\u00a0\u00bb][\/vc_column][\/vc_row]\n<\/p>","protected":false},"excerpt":{"rendered":"<p>[vc_row type=\u00a0\u00a0\u00bbfull_width_background\u00a0\u00a0\u00bb full_screen_row_position=\u00a0\u00a0\u00bbmiddle\u00a0\u00a0\u00bb column_margin=\u00a0\u00a0\u00bbdefault\u00a0\u00a0\u00bb column_direction=\u00a0\u00a0\u00bbdefault\u00a0\u00a0\u00bb column_direction_tablet=\u00a0\u00a0\u00bbdefault\u00a0\u00a0\u00bb column_direction_phone=\u00a0\u00a0\u00bbdefault\u00a0\u00a0\u00bb bg_image=\u00a0\u00a0\u00bb514\u2033 bg_position=\u00a0\u00a0\u00bbcenter top\u00a0\u00a0\u00bb background_image_loading=\u00a0\u00a0\u00bbdefault\u00a0\u00a0\u00bb bg_repeat=\u00a0\u00a0\u00bbno-repeat\u00a0\u00a0\u00bb scene_position=\u00a0\u00a0\u00bbcenter\u00a0\u00a0\u00bb top_padding=\u00a0\u00a0\u00bb16%\u00a0\u00a0\u00bb bottom_padding=\u00a0\u00a0\u00bb10%\u00a0\u00a0\u00bb text_color=\u00a0\u00a0\u00bblight\u00a0\u00a0\u00bb text_align=\u00a0\u00a0\u00bbcenter\u00a0\u00a0\u00bb row_border_radius=\u00a0\u00a0\u00bbnone\u00a0\u00a0\u00bb row_border_radius_applies=\u00a0\u00a0\u00bbbg\u00a0\u00a0\u00bb overflow=\u00a0\u00a0\u00bbvisible\u00a0\u00a0\u00bb color_overlay=\u00a0\u00a0\u00bb#000000\u2033 overlay_strength=\u00a0\u00a0\u00bb0.3\u2033 gradient_direction=\u00a0\u00a0\u00bbleft_to_right\u00a0\u00a0\u00bb shape_divider_position=\u00a0\u00a0\u00bbbottom\u00a0\u00a0\u00bb bg_image_animation=\u00a0\u00a0\u00bbnone\u00a0\u00a0\u00bb gradient_type=\u00a0\u00a0\u00bbdefault\u00a0\u00a0\u00bb shape_type=\u00a0\u00a0\u00bb\u00a0\u00a0\u00bb][vc_column column_padding=\u00a0\u00a0\u00bbno-extra-padding\u00a0\u00a0\u00bb column_padding_tablet=\u00a0\u00a0\u00bbinherit\u00a0\u00a0\u00bb column_padding_phone=\u00a0\u00a0\u00bbinherit\u00a0\u00a0\u00bb&#8230;<\/p>\n","protected":false},"author":1,"featured_media":0,"parent":0,"menu_order":0,"comment_status":"closed","ping_status":"closed","template":"","meta":{"footnotes":""},"class_list":["post-5448","page","type-page","status-publish"],"yoast_head":"<!-- This site is optimized with the Yoast SEO plugin v27.4 - https:\/\/yoast.com\/product\/yoast-seo-wordpress\/ -->\n<title>Test : Plugin de correction typographique fran\u00e7aise - 2023.cbieconference.ca<\/title>\n<meta name=\"robots\" content=\"index, follow, max-snippet:-1, max-image-preview:large, max-video-preview:-1\" \/>\n<link rel=\"canonical\" href=\"https:\/\/2023.cbieconference.ca\/fr\/test-plugin-de-correction-typographique-francaise\/\" \/>\n<meta property=\"og:locale\" content=\"fr_FR\" \/>\n<meta property=\"og:type\" content=\"article\" \/>\n<meta property=\"og:title\" content=\"Test : Plugin de correction typographique fran\u00e7aise - 2023.cbieconference.ca\" \/>\n<meta property=\"og:description\" content=\"[vc_row type=\u00a0\u00a0\u00bbfull_width_background\u00a0\u00a0\u00bb full_screen_row_position=\u00a0\u00a0\u00bbmiddle\u00a0\u00a0\u00bb column_margin=\u00a0\u00a0\u00bbdefault\u00a0\u00a0\u00bb column_direction=\u00a0\u00a0\u00bbdefault\u00a0\u00a0\u00bb column_direction_tablet=\u00a0\u00a0\u00bbdefault\u00a0\u00a0\u00bb column_direction_phone=\u00a0\u00a0\u00bbdefault\u00a0\u00a0\u00bb bg_image=\u00a0\u00a0\u00bb514\u2033 bg_position=\u00a0\u00a0\u00bbcenter top\u00a0\u00a0\u00bb background_image_loading=\u00a0\u00a0\u00bbdefault\u00a0\u00a0\u00bb bg_repeat=\u00a0\u00a0\u00bbno-repeat\u00a0\u00a0\u00bb scene_position=\u00a0\u00a0\u00bbcenter\u00a0\u00a0\u00bb top_padding=\u00a0\u00a0\u00bb16%\u00a0\u00a0\u00bb bottom_padding=\u00a0\u00a0\u00bb10%\u00a0\u00a0\u00bb text_color=\u00a0\u00a0\u00bblight\u00a0\u00a0\u00bb text_align=\u00a0\u00a0\u00bbcenter\u00a0\u00a0\u00bb row_border_radius=\u00a0\u00a0\u00bbnone\u00a0\u00a0\u00bb row_border_radius_applies=\u00a0\u00a0\u00bbbg\u00a0\u00a0\u00bb overflow=\u00a0\u00a0\u00bbvisible\u00a0\u00a0\u00bb color_overlay=\u00a0\u00a0\u00bb#000000\u2033 overlay_strength=\u00a0\u00a0\u00bb0.3\u2033 gradient_direction=\u00a0\u00a0\u00bbleft_to_right\u00a0\u00a0\u00bb shape_divider_position=\u00a0\u00a0\u00bbbottom\u00a0\u00a0\u00bb bg_image_animation=\u00a0\u00a0\u00bbnone\u00a0\u00a0\u00bb gradient_type=\u00a0\u00a0\u00bbdefault\u00a0\u00a0\u00bb shape_type=\u00a0\u00a0\u00bb\u00a0\u00a0\u00bb][vc_column column_padding=\u00a0\u00a0\u00bbno-extra-padding\u00a0\u00a0\u00bb column_padding_tablet=\u00a0\u00a0\u00bbinherit\u00a0\u00a0\u00bb column_padding_phone=\u00a0\u00a0\u00bbinherit\u00a0\u00a0\u00bb...\" \/>\n<meta property=\"og:url\" content=\"https:\/\/2023.cbieconference.ca\/fr\/test-plugin-de-correction-typographique-francaise\/\" \/>\n<meta property=\"og:site_name\" content=\"2023.cbieconference.ca\" \/>\n<meta property=\"article:modified_time\" content=\"2025-10-22T17:47:59+00:00\" \/>\n<meta name=\"twitter:card\" content=\"summary_large_image\" \/>\n<meta name=\"twitter:label1\" content=\"Dur\u00e9e de lecture estim\u00e9e\" \/>\n\t<meta name=\"twitter:data1\" content=\"3 minutes\" \/>\n<script type=\"application\/ld+json\" class=\"yoast-schema-graph\">{\"@context\":\"https:\\\/\\\/schema.org\",\"@graph\":[{\"@type\":\"WebPage\",\"@id\":\"https:\\\/\\\/2023.cbieconference.ca\\\/fr\\\/test-plugin-de-correction-typographique-francaise\\\/\",\"url\":\"https:\\\/\\\/2023.cbieconference.ca\\\/fr\\\/test-plugin-de-correction-typographique-francaise\\\/\",\"name\":\"Test : Plugin de correction typographique fran\u00e7aise - 2023.cbieconference.ca\",\"isPartOf\":{\"@id\":\"https:\\\/\\\/2023.cbieconference.ca\\\/#website\"},\"datePublished\":\"2025-10-22T15:33:22+00:00\",\"dateModified\":\"2025-10-22T17:47:59+00:00\",\"breadcrumb\":{\"@id\":\"https:\\\/\\\/2023.cbieconference.ca\\\/fr\\\/test-plugin-de-correction-typographique-francaise\\\/#breadcrumb\"},\"inLanguage\":\"fr-FR\",\"potentialAction\":[{\"@type\":\"ReadAction\",\"target\":[\"https:\\\/\\\/2023.cbieconference.ca\\\/fr\\\/test-plugin-de-correction-typographique-francaise\\\/\"]}]},{\"@type\":\"BreadcrumbList\",\"@id\":\"https:\\\/\\\/2023.cbieconference.ca\\\/fr\\\/test-plugin-de-correction-typographique-francaise\\\/#breadcrumb\",\"itemListElement\":[{\"@type\":\"ListItem\",\"position\":1,\"name\":\"Home\",\"item\":\"https:\\\/\\\/2023.cbieconference.ca\\\/fr\\\/\"},{\"@type\":\"ListItem\",\"position\":2,\"name\":\"Test : Plugin de correction typographique fran\u00e7aise\"}]},{\"@type\":\"WebSite\",\"@id\":\"https:\\\/\\\/2023.cbieconference.ca\\\/#website\",\"url\":\"https:\\\/\\\/2023.cbieconference.ca\\\/\",\"name\":\"2023.cbieconference.ca\",\"description\":\"CBIE Annual Conference\",\"potentialAction\":[{\"@type\":\"SearchAction\",\"target\":{\"@type\":\"EntryPoint\",\"urlTemplate\":\"https:\\\/\\\/2023.cbieconference.ca\\\/?s={search_term_string}\"},\"query-input\":{\"@type\":\"PropertyValueSpecification\",\"valueRequired\":true,\"valueName\":\"search_term_string\"}}],\"inLanguage\":\"fr-FR\"}]}<\/script>\n<!-- \/ Yoast SEO plugin. -->","yoast_head_json":{"title":"Test : Plugin de correction typographique fran\u00e7aise - 2023.cbieconference.ca","robots":{"index":"index","follow":"follow","max-snippet":"max-snippet:-1","max-image-preview":"max-image-preview:large","max-video-preview":"max-video-preview:-1"},"canonical":"https:\/\/2023.cbieconference.ca\/fr\/test-plugin-de-correction-typographique-francaise\/","og_locale":"fr_FR","og_type":"article","og_title":"Test : Plugin de correction typographique fran\u00e7aise - 2023.cbieconference.ca","og_description":"[vc_row type=\u00a0\u00a0\u00bbfull_width_background\u00a0\u00a0\u00bb full_screen_row_position=\u00a0\u00a0\u00bbmiddle\u00a0\u00a0\u00bb column_margin=\u00a0\u00a0\u00bbdefault\u00a0\u00a0\u00bb column_direction=\u00a0\u00a0\u00bbdefault\u00a0\u00a0\u00bb column_direction_tablet=\u00a0\u00a0\u00bbdefault\u00a0\u00a0\u00bb column_direction_phone=\u00a0\u00a0\u00bbdefault\u00a0\u00a0\u00bb bg_image=\u00a0\u00a0\u00bb514\u2033 bg_position=\u00a0\u00a0\u00bbcenter top\u00a0\u00a0\u00bb background_image_loading=\u00a0\u00a0\u00bbdefault\u00a0\u00a0\u00bb bg_repeat=\u00a0\u00a0\u00bbno-repeat\u00a0\u00a0\u00bb scene_position=\u00a0\u00a0\u00bbcenter\u00a0\u00a0\u00bb top_padding=\u00a0\u00a0\u00bb16%\u00a0\u00a0\u00bb bottom_padding=\u00a0\u00a0\u00bb10%\u00a0\u00a0\u00bb text_color=\u00a0\u00a0\u00bblight\u00a0\u00a0\u00bb text_align=\u00a0\u00a0\u00bbcenter\u00a0\u00a0\u00bb row_border_radius=\u00a0\u00a0\u00bbnone\u00a0\u00a0\u00bb row_border_radius_applies=\u00a0\u00a0\u00bbbg\u00a0\u00a0\u00bb overflow=\u00a0\u00a0\u00bbvisible\u00a0\u00a0\u00bb color_overlay=\u00a0\u00a0\u00bb#000000\u2033 overlay_strength=\u00a0\u00a0\u00bb0.3\u2033 gradient_direction=\u00a0\u00a0\u00bbleft_to_right\u00a0\u00a0\u00bb shape_divider_position=\u00a0\u00a0\u00bbbottom\u00a0\u00a0\u00bb bg_image_animation=\u00a0\u00a0\u00bbnone\u00a0\u00a0\u00bb gradient_type=\u00a0\u00a0\u00bbdefault\u00a0\u00a0\u00bb shape_type=\u00a0\u00a0\u00bb\u00a0\u00a0\u00bb][vc_column column_padding=\u00a0\u00a0\u00bbno-extra-padding\u00a0\u00a0\u00bb column_padding_tablet=\u00a0\u00a0\u00bbinherit\u00a0\u00a0\u00bb column_padding_phone=\u00a0\u00a0\u00bbinherit\u00a0\u00a0\u00bb...","og_url":"https:\/\/2023.cbieconference.ca\/fr\/test-plugin-de-correction-typographique-francaise\/","og_site_name":"2023.cbieconference.ca","article_modified_time":"2025-10-22T17:47:59+00:00","twitter_card":"summary_large_image","twitter_misc":{"Dur\u00e9e de lecture estim\u00e9e":"3 minutes"},"schema":{"@context":"https:\/\/schema.org","@graph":[{"@type":"WebPage","@id":"https:\/\/2023.cbieconference.ca\/fr\/test-plugin-de-correction-typographique-francaise\/","url":"https:\/\/2023.cbieconference.ca\/fr\/test-plugin-de-correction-typographique-francaise\/","name":"Test : Plugin de correction typographique fran\u00e7aise - 2023.cbieconference.ca","isPartOf":{"@id":"https:\/\/2023.cbieconference.ca\/#website"},"datePublished":"2025-10-22T15:33:22+00:00","dateModified":"2025-10-22T17:47:59+00:00","breadcrumb":{"@id":"https:\/\/2023.cbieconference.ca\/fr\/test-plugin-de-correction-typographique-francaise\/#breadcrumb"},"inLanguage":"fr-FR","potentialAction":[{"@type":"ReadAction","target":["https:\/\/2023.cbieconference.ca\/fr\/test-plugin-de-correction-typographique-francaise\/"]}]},{"@type":"BreadcrumbList","@id":"https:\/\/2023.cbieconference.ca\/fr\/test-plugin-de-correction-typographique-francaise\/#breadcrumb","itemListElement":[{"@type":"ListItem","position":1,"name":"Home","item":"https:\/\/2023.cbieconference.ca\/fr\/"},{"@type":"ListItem","position":2,"name":"Test : Plugin de correction typographique fran\u00e7aise"}]},{"@type":"WebSite","@id":"https:\/\/2023.cbieconference.ca\/#website","url":"https:\/\/2023.cbieconference.ca\/","name":"2023.cbieconference.ca","description":"CBIE Annual Conference","potentialAction":[{"@type":"SearchAction","target":{"@type":"EntryPoint","urlTemplate":"https:\/\/2023.cbieconference.ca\/?s={search_term_string}"},"query-input":{"@type":"PropertyValueSpecification","valueRequired":true,"valueName":"search_term_string"}}],"inLanguage":"fr-FR"}]}},"_links":{"self":[{"href":"https:\/\/2023.cbieconference.ca\/fr\/wp-json\/wp\/v2\/pages\/5448","targetHints":{"allow":["GET"]}}],"collection":[{"href":"https:\/\/2023.cbieconference.ca\/fr\/wp-json\/wp\/v2\/pages"}],"about":[{"href":"https:\/\/2023.cbieconference.ca\/fr\/wp-json\/wp\/v2\/types\/page"}],"author":[{"embeddable":true,"href":"https:\/\/2023.cbieconference.ca\/fr\/wp-json\/wp\/v2\/users\/1"}],"replies":[{"embeddable":true,"href":"https:\/\/2023.cbieconference.ca\/fr\/wp-json\/wp\/v2\/comments?post=5448"}],"version-history":[{"count":3,"href":"https:\/\/2023.cbieconference.ca\/fr\/wp-json\/wp\/v2\/pages\/5448\/revisions"}],"predecessor-version":[{"id":5461,"href":"https:\/\/2023.cbieconference.ca\/fr\/wp-json\/wp\/v2\/pages\/5448\/revisions\/5461"}],"wp:attachment":[{"href":"https:\/\/2023.cbieconference.ca\/fr\/wp-json\/wp\/v2\/media?parent=5448"}],"curies":[{"name":"wp","href":"https:\/\/api.w.org\/{rel}","templated":true}]}}