{"id":537,"date":"2023-02-24T18:35:07","date_gmt":"2023-02-25T02:35:07","guid":{"rendered":"https:\/\/cbie2023.pcomms.ca\/sustainability\/"},"modified":"2023-11-07T05:30:18","modified_gmt":"2023-11-07T13:30:18","slug":"durabilite","status":"publish","type":"page","link":"https:\/\/2023.cbieconference.ca\/fr\/durabilite\/","title":{"rendered":"Durabilit\u00e9"},"content":{"rendered":"[vc_row type=\u00a0\u00a0\u00bbfull_width_background\u00a0\u00a0\u00bb full_screen_row_position=\u00a0\u00a0\u00bbmiddle\u00a0\u00a0\u00bb column_margin=\u00a0\u00a0\u00bbdefault\u00a0\u00a0\u00bb column_direction=\u00a0\u00a0\u00bbdefault\u00a0\u00a0\u00bb column_direction_tablet=\u00a0\u00a0\u00bbdefault\u00a0\u00a0\u00bb column_direction_phone=\u00a0\u00a0\u00bbdefault\u00a0\u00a0\u00bb bg_image=\u00a0\u00a0\u00bb516\u2033 bg_position=\u00a0\u00a0\u00bbcenter center\u00a0\u00a0\u00bb background_image_loading=\u00a0\u00a0\u00bbdefault\u00a0\u00a0\u00bb bg_repeat=\u00a0\u00a0\u00bbno-repeat\u00a0\u00a0\u00bb scene_position=\u00a0\u00a0\u00bbcenter\u00a0\u00a0\u00bb top_padding=\u00a0\u00a0\u00bb16%\u00a0\u00a0\u00bb bottom_padding=\u00a0\u00a0\u00bb10%\u00a0\u00a0\u00bb text_color=\u00a0\u00a0\u00bblight\u00a0\u00a0\u00bb text_align=\u00a0\u00a0\u00bbcenter\u00a0\u00a0\u00bb row_border_radius=\u00a0\u00a0\u00bbnone\u00a0\u00a0\u00bb row_border_radius_applies=\u00a0\u00a0\u00bbbg\u00a0\u00a0\u00bb overflow=\u00a0\u00a0\u00bbvisible\u00a0\u00a0\u00bb color_overlay=\u00a0\u00a0\u00bb#000000\u2033 overlay_strength=\u00a0\u00a0\u00bb0.3\u2033 gradient_direction=\u00a0\u00a0\u00bbleft_to_right\u00a0\u00a0\u00bb shape_divider_position=\u00a0\u00a0\u00bbbottom\u00a0\u00a0\u00bb bg_image_animation=\u00a0\u00a0\u00bbnone\u00a0\u00a0\u00bb gradient_type=\u00a0\u00a0\u00bbdefault\u00a0\u00a0\u00bb shape_type=\u00a0\u00a0\u00bb\u00a0\u00a0\u00bb][vc_column column_padding=\u00a0\u00a0\u00bbno-extra-padding\u00a0\u00a0\u00bb column_padding_tablet=\u00a0\u00a0\u00bbinherit\u00a0\u00a0\u00bb column_padding_phone=\u00a0\u00a0\u00bbinherit\u00a0\u00a0\u00bb column_padding_position=\u00a0\u00a0\u00bball\u00a0\u00a0\u00bb column_element_direction_desktop=\u00a0\u00a0\u00bbdefault\u00a0\u00a0\u00bb column_element_spacing=\u00a0\u00a0\u00bbdefault\u00a0\u00a0\u00bb desktop_text_alignment=\u00a0\u00a0\u00bbdefault\u00a0\u00a0\u00bb tablet_text_alignment=\u00a0\u00a0\u00bbdefault\u00a0\u00a0\u00bb phone_text_alignment=\u00a0\u00a0\u00bbdefault\u00a0\u00a0\u00bb background_color_opacity=\u00a0\u00a0\u00bb1\u2033 background_hover_color_opacity=\u00a0\u00a0\u00bb1\u2033 column_backdrop_filter=\u00a0\u00a0\u00bbnone\u00a0\u00a0\u00bb column_shadow=\u00a0\u00a0\u00bbnone\u00a0\u00a0\u00bb column_border_radius=\u00a0\u00a0\u00bbnone\u00a0\u00a0\u00bb column_link_target=\u00a0\u00a0\u00bb_self\u00a0\u00a0\u00bb column_position=\u00a0\u00a0\u00bbdefault\u00a0\u00a0\u00bb gradient_direction=\u00a0\u00a0\u00bbleft_to_right\u00a0\u00a0\u00bb overlay_strength=\u00a0\u00a0\u00bb0.3\u2033 width=\u00a0\u00a0\u00bb1\/1\u2033 tablet_width_inherit=\u00a0\u00a0\u00bbdefault\u00a0\u00a0\u00bb animation_type=\u00a0\u00a0\u00bbdefault\u00a0\u00a0\u00bb bg_image_animation=\u00a0\u00a0\u00bbnone\u00a0\u00a0\u00bb border_type=\u00a0\u00a0\u00bbsimple\u00a0\u00a0\u00bb column_border_width=\u00a0\u00a0\u00bbnone\u00a0\u00a0\u00bb column_border_style=\u00a0\u00a0\u00bbsolid\u00a0\u00a0\u00bb][vc_column_text]\n<h1>La durabilit\u00e9 et le BCEI2023<\/h1>\n[\/vc_column_text][divider line_type=\u00a0\u00a0\u00bbSmall Line\u00a0\u00a0\u00bb line_alignment=\u00a0\u00a0\u00bbcenter\u00a0\u00a0\u00bb line_thickness=\u00a0\u00a0\u00bb2\u2033 divider_color=\u00a0\u00a0\u00bbextra-color-1\u2033 custom_height=\u00a0\u00a0\u00bb80\u2033][\/vc_column][\/vc_row][vc_row type=\u00a0\u00a0\u00bbin_container\u00a0\u00a0\u00bb full_screen_row_position=\u00a0\u00a0\u00bbmiddle\u00a0\u00a0\u00bb column_margin=\u00a0\u00a0\u00bbdefault\u00a0\u00a0\u00bb column_direction=\u00a0\u00a0\u00bbdefault\u00a0\u00a0\u00bb column_direction_tablet=\u00a0\u00a0\u00bbdefault\u00a0\u00a0\u00bb column_direction_phone=\u00a0\u00a0\u00bbdefault\u00a0\u00a0\u00bb scene_position=\u00a0\u00a0\u00bbcenter\u00a0\u00a0\u00bb top_padding=\u00a0\u00a0\u00bb5%\u00a0\u00a0\u00bb bottom_padding=\u00a0\u00a0\u00bb5%\u00a0\u00a0\u00bb text_color=\u00a0\u00a0\u00bbdark\u00a0\u00a0\u00bb text_align=\u00a0\u00a0\u00bbleft\u00a0\u00a0\u00bb row_border_radius=\u00a0\u00a0\u00bbnone\u00a0\u00a0\u00bb row_border_radius_applies=\u00a0\u00a0\u00bbbg\u00a0\u00a0\u00bb overflow=\u00a0\u00a0\u00bbvisible\u00a0\u00a0\u00bb overlay_strength=\u00a0\u00a0\u00bb0.3\u2033 gradient_direction=\u00a0\u00a0\u00bbleft_to_right\u00a0\u00a0\u00bb shape_divider_position=\u00a0\u00a0\u00bbbottom\u00a0\u00a0\u00bb bg_image_animation=\u00a0\u00a0\u00bbnone\u00a0\u00a0\u00bb gradient_type=\u00a0\u00a0\u00bbdefault\u00a0\u00a0\u00bb shape_type=\u00a0\u00a0\u00bb\u00a0\u00a0\u00bb][vc_column column_padding=\u00a0\u00a0\u00bbno-extra-padding\u00a0\u00a0\u00bb column_padding_tablet=\u00a0\u00a0\u00bbinherit\u00a0\u00a0\u00bb column_padding_phone=\u00a0\u00a0\u00bbinherit\u00a0\u00a0\u00bb column_padding_position=\u00a0\u00a0\u00bball\u00a0\u00a0\u00bb column_element_direction_desktop=\u00a0\u00a0\u00bbdefault\u00a0\u00a0\u00bb column_element_spacing=\u00a0\u00a0\u00bbdefault\u00a0\u00a0\u00bb desktop_text_alignment=\u00a0\u00a0\u00bbdefault\u00a0\u00a0\u00bb tablet_text_alignment=\u00a0\u00a0\u00bbdefault\u00a0\u00a0\u00bb phone_text_alignment=\u00a0\u00a0\u00bbdefault\u00a0\u00a0\u00bb background_color_opacity=\u00a0\u00a0\u00bb1\u2033 background_hover_color_opacity=\u00a0\u00a0\u00bb1\u2033 column_backdrop_filter=\u00a0\u00a0\u00bbnone\u00a0\u00a0\u00bb column_shadow=\u00a0\u00a0\u00bbnone\u00a0\u00a0\u00bb column_border_radius=\u00a0\u00a0\u00bbnone\u00a0\u00a0\u00bb column_link_target=\u00a0\u00a0\u00bb_self\u00a0\u00a0\u00bb column_position=\u00a0\u00a0\u00bbdefault\u00a0\u00a0\u00bb gradient_direction=\u00a0\u00a0\u00bbleft_to_right\u00a0\u00a0\u00bb overlay_strength=\u00a0\u00a0\u00bb0.3\u2033 width=\u00a0\u00a0\u00bb1\/6\u2033 tablet_width_inherit=\u00a0\u00a0\u00bbdefault\u00a0\u00a0\u00bb animation_type=\u00a0\u00a0\u00bbdefault\u00a0\u00a0\u00bb bg_image_animation=\u00a0\u00a0\u00bbnone\u00a0\u00a0\u00bb border_type=\u00a0\u00a0\u00bbsimple\u00a0\u00a0\u00bb column_border_width=\u00a0\u00a0\u00bbnone\u00a0\u00a0\u00bb column_border_style=\u00a0\u00a0\u00bbsolid\u00a0\u00a0\u00bb][\/vc_column][vc_column column_padding=\u00a0\u00a0\u00bbno-extra-padding\u00a0\u00a0\u00bb column_padding_tablet=\u00a0\u00a0\u00bbinherit\u00a0\u00a0\u00bb column_padding_phone=\u00a0\u00a0\u00bbinherit\u00a0\u00a0\u00bb column_padding_position=\u00a0\u00a0\u00bball\u00a0\u00a0\u00bb column_element_direction_desktop=\u00a0\u00a0\u00bbdefault\u00a0\u00a0\u00bb column_element_spacing=\u00a0\u00a0\u00bbdefault\u00a0\u00a0\u00bb desktop_text_alignment=\u00a0\u00a0\u00bbdefault\u00a0\u00a0\u00bb tablet_text_alignment=\u00a0\u00a0\u00bbdefault\u00a0\u00a0\u00bb phone_text_alignment=\u00a0\u00a0\u00bbdefault\u00a0\u00a0\u00bb background_color_opacity=\u00a0\u00a0\u00bb1\u2033 background_hover_color_opacity=\u00a0\u00a0\u00bb1\u2033 column_backdrop_filter=\u00a0\u00a0\u00bbnone\u00a0\u00a0\u00bb column_shadow=\u00a0\u00a0\u00bbnone\u00a0\u00a0\u00bb column_border_radius=\u00a0\u00a0\u00bbnone\u00a0\u00a0\u00bb column_link_target=\u00a0\u00a0\u00bb_self\u00a0\u00a0\u00bb column_position=\u00a0\u00a0\u00bbdefault\u00a0\u00a0\u00bb gradient_direction=\u00a0\u00a0\u00bbleft_to_right\u00a0\u00a0\u00bb overlay_strength=\u00a0\u00a0\u00bb0.3\u2033 width=\u00a0\u00a0\u00bb2\/3\u2033 tablet_width_inherit=\u00a0\u00a0\u00bbdefault\u00a0\u00a0\u00bb animation_type=\u00a0\u00a0\u00bbdefault\u00a0\u00a0\u00bb bg_image_animation=\u00a0\u00a0\u00bbnone\u00a0\u00a0\u00bb border_type=\u00a0\u00a0\u00bbsimple\u00a0\u00a0\u00bb column_border_width=\u00a0\u00a0\u00bbnone\u00a0\u00a0\u00bb column_border_style=\u00a0\u00a0\u00bbsolid\u00a0\u00a0\u00bb][vc_column_text]Notre congr\u00e8s national est un \u00e9v\u00e9nement important pour la communaut\u00e9 canadienne de l\u2019\u00e9ducation internationale, et nous travaillons continuellement \u00e0 proposer et \u00e0 mettre en \u0153uvre des mesures pour minimiser les impacts environnementaux et sociaux n\u00e9gatifs dans sa planification et son ex\u00e9cution. Plus pr\u00e9cis\u00e9ment, dans le cadre du BCEI2023, nous mettrons en \u0153uvre les initiatives <span class=\"nowrap\">suivantes\u00a0:<\/span>\n<ul>\n<li><span class=\"nowrap\"><strong>Programme sans papier\u00a0:<\/strong><\/span> Toutes nos informations sur les s\u00e9ances et le congr\u00e8s se trouvent sur le site Web ou l\u2019application du congr\u00e8s. Nous ne fournirons pas de programmes imprim\u00e9s.<\/li>\n<li><span class=\"nowrap\"><strong>Lundi sans viande\u00a0:<\/strong><\/span> Reconnaissant l\u2019impact de la production animale sur l\u2019environnement, tous les repas, y compris les collations, seront sans viande le lundi.<\/li>\n<li><span class=\"nowrap\"><strong>Lani\u00e8re recyclables\u00a0:<\/strong><\/span> Cette ann\u00e9e, les lani\u00e8res sont fabriqu\u00e9es \u00e0 partir de mat\u00e9riaux recycl\u00e9s.<\/li>\n<li><span class=\"nowrap\"><strong>Engagement sur place\u00a0:<\/strong><\/span> Nous travaillons en \u00e9troite collaboration avec nos sites d\u2019accueil et fournisseurs pour nous assurer que nous offrons une exp\u00e9rience de conf\u00e9rence durable.<a href=\"https:\/\/www.vancouverconventioncentre.com\/about-us\/sustainability\"> Le Centre des congr\u00e8s de Vancouver<\/a> est le premier centre des congr\u00e8s au monde \u00e0 d\u00e9tenir une double certification LEED<sup>MD<\/sup> platine. Apprenez-en davantage sur l\u2019engagement de cet \u00e9tablissement en mati\u00e8re de r\u00e9unions \u00e9cologiques.<\/li>\n<li><span class=\"ui-provider a b c d e f g h i j k l m n o p q r s t u v w x y z ab ac ae af ag ah ai aj ak\" dir=\"ltr\"><strong>Calcul des voyages<\/strong>\u00a0: Lors de l\u2019inscription, nous demandons la distance parcourue et le type de transport afin de calculer les \u00e9missions de carbone du congr\u00e8s.<\/span><\/li>\n<\/ul>\n<p>Vos r\u00e9flexions et commentaires pour nous aider \u00e0 am\u00e9liorer notre fa\u00e7on de faire sont les bienvenus. Veuillez nous faire part de vos commentaires dans le cadre de notre sondage sur le congr\u00e8s, disponible sur notre application de congr\u00e8s en novembre.[\/vc_column_text][\/vc_column][vc_column column_padding=\u00a0\u00a0\u00bbno-extra-padding\u00a0\u00a0\u00bb column_padding_tablet=\u00a0\u00a0\u00bbinherit\u00a0\u00a0\u00bb column_padding_phone=\u00a0\u00a0\u00bbinherit\u00a0\u00a0\u00bb column_padding_position=\u00a0\u00a0\u00bball\u00a0\u00a0\u00bb column_element_direction_desktop=\u00a0\u00a0\u00bbdefault\u00a0\u00a0\u00bb column_element_spacing=\u00a0\u00a0\u00bbdefault\u00a0\u00a0\u00bb desktop_text_alignment=\u00a0\u00a0\u00bbdefault\u00a0\u00a0\u00bb tablet_text_alignment=\u00a0\u00a0\u00bbdefault\u00a0\u00a0\u00bb phone_text_alignment=\u00a0\u00a0\u00bbdefault\u00a0\u00a0\u00bb background_color_opacity=\u00a0\u00a0\u00bb1\u2033 background_hover_color_opacity=\u00a0\u00a0\u00bb1\u2033 column_backdrop_filter=\u00a0\u00a0\u00bbnone\u00a0\u00a0\u00bb column_shadow=\u00a0\u00a0\u00bbnone\u00a0\u00a0\u00bb column_border_radius=\u00a0\u00a0\u00bbnone\u00a0\u00a0\u00bb column_link_target=\u00a0\u00a0\u00bb_self\u00a0\u00a0\u00bb column_position=\u00a0\u00a0\u00bbdefault\u00a0\u00a0\u00bb gradient_direction=\u00a0\u00a0\u00bbleft_to_right\u00a0\u00a0\u00bb overlay_strength=\u00a0\u00a0\u00bb0.3\u2033 width=\u00a0\u00a0\u00bb1\/6\u2033 tablet_width_inherit=\u00a0\u00a0\u00bbdefault\u00a0\u00a0\u00bb animation_type=\u00a0\u00a0\u00bbdefault\u00a0\u00a0\u00bb bg_image_animation=\u00a0\u00a0\u00bbnone\u00a0\u00a0\u00bb border_type=\u00a0\u00a0\u00bbsimple\u00a0\u00a0\u00bb column_border_width=\u00a0\u00a0\u00bbnone\u00a0\u00a0\u00bb column_border_style=\u00a0\u00a0\u00bbsolid\u00a0\u00a0\u00bb][\/vc_column][\/vc_row]\n<\/p>","protected":false},"excerpt":{"rendered":"<p>[vc_row type=\u00a0\u00a0\u00bbfull_width_background\u00a0\u00a0\u00bb full_screen_row_position=\u00a0\u00a0\u00bbmiddle\u00a0\u00a0\u00bb column_margin=\u00a0\u00a0\u00bbdefault\u00a0\u00a0\u00bb column_direction=\u00a0\u00a0\u00bbdefault\u00a0\u00a0\u00bb column_direction_tablet=\u00a0\u00a0\u00bbdefault\u00a0\u00a0\u00bb column_direction_phone=\u00a0\u00a0\u00bbdefault\u00a0\u00a0\u00bb bg_image=\u00a0\u00a0\u00bb516\u2033 bg_position=\u00a0\u00a0\u00bbcenter center\u00a0\u00a0\u00bb background_image_loading=\u00a0\u00a0\u00bbdefault\u00a0\u00a0\u00bb bg_repeat=\u00a0\u00a0\u00bbno-repeat\u00a0\u00a0\u00bb scene_position=\u00a0\u00a0\u00bbcenter\u00a0\u00a0\u00bb top_padding=\u00a0\u00a0\u00bb16%\u00a0\u00a0\u00bb bottom_padding=\u00a0\u00a0\u00bb10%\u00a0\u00a0\u00bb text_color=\u00a0\u00a0\u00bblight\u00a0\u00a0\u00bb text_align=\u00a0\u00a0\u00bbcenter\u00a0\u00a0\u00bb row_border_radius=\u00a0\u00a0\u00bbnone\u00a0\u00a0\u00bb row_border_radius_applies=\u00a0\u00a0\u00bbbg\u00a0\u00a0\u00bb overflow=\u00a0\u00a0\u00bbvisible\u00a0\u00a0\u00bb color_overlay=\u00a0\u00a0\u00bb#000000\u2033 overlay_strength=\u00a0\u00a0\u00bb0.3\u2033 gradient_direction=\u00a0\u00a0\u00bbleft_to_right\u00a0\u00a0\u00bb shape_divider_position=\u00a0\u00a0\u00bbbottom\u00a0\u00a0\u00bb bg_image_animation=\u00a0\u00a0\u00bbnone\u00a0\u00a0\u00bb gradient_type=\u00a0\u00a0\u00bbdefault\u00a0\u00a0\u00bb shape_type=\u00a0\u00a0\u00bb\u00a0\u00a0\u00bb][vc_column column_padding=\u00a0\u00a0\u00bbno-extra-padding\u00a0\u00a0\u00bb column_padding_tablet=\u00a0\u00a0\u00bbinherit\u00a0\u00a0\u00bb column_padding_phone=\u00a0\u00a0\u00bbinherit\u00a0\u00a0\u00bb&#8230;<\/p>\n","protected":false},"author":1,"featured_media":0,"parent":0,"menu_order":0,"comment_status":"closed","ping_status":"closed","template":"","meta":{"footnotes":""},"class_list":["post-537","page","type-page","status-publish"],"yoast_head":"<!-- This site is optimized with the Yoast SEO plugin v27.4 - https:\/\/yoast.com\/product\/yoast-seo-wordpress\/ -->\n<title>Durabilit\u00e9 - 2023.cbieconference.ca<\/title>\n<meta name=\"robots\" content=\"index, follow, max-snippet:-1, max-image-preview:large, max-video-preview:-1\" \/>\n<link rel=\"canonical\" href=\"https:\/\/2023.cbieconference.ca\/sustainability\/\" \/>\n<meta property=\"og:locale\" content=\"fr_FR\" \/>\n<meta property=\"og:type\" content=\"article\" \/>\n<meta property=\"og:title\" content=\"Durabilit\u00e9 - 2023.cbieconference.ca\" \/>\n<meta property=\"og:description\" content=\"[vc_row type=\u00a0\u00a0\u00bbfull_width_background\u00a0\u00a0\u00bb full_screen_row_position=\u00a0\u00a0\u00bbmiddle\u00a0\u00a0\u00bb column_margin=\u00a0\u00a0\u00bbdefault\u00a0\u00a0\u00bb column_direction=\u00a0\u00a0\u00bbdefault\u00a0\u00a0\u00bb column_direction_tablet=\u00a0\u00a0\u00bbdefault\u00a0\u00a0\u00bb column_direction_phone=\u00a0\u00a0\u00bbdefault\u00a0\u00a0\u00bb bg_image=\u00a0\u00a0\u00bb516\u2033 bg_position=\u00a0\u00a0\u00bbcenter center\u00a0\u00a0\u00bb background_image_loading=\u00a0\u00a0\u00bbdefault\u00a0\u00a0\u00bb bg_repeat=\u00a0\u00a0\u00bbno-repeat\u00a0\u00a0\u00bb scene_position=\u00a0\u00a0\u00bbcenter\u00a0\u00a0\u00bb top_padding=\u00a0\u00a0\u00bb16%\u00a0\u00a0\u00bb bottom_padding=\u00a0\u00a0\u00bb10%\u00a0\u00a0\u00bb text_color=\u00a0\u00a0\u00bblight\u00a0\u00a0\u00bb text_align=\u00a0\u00a0\u00bbcenter\u00a0\u00a0\u00bb row_border_radius=\u00a0\u00a0\u00bbnone\u00a0\u00a0\u00bb row_border_radius_applies=\u00a0\u00a0\u00bbbg\u00a0\u00a0\u00bb overflow=\u00a0\u00a0\u00bbvisible\u00a0\u00a0\u00bb color_overlay=\u00a0\u00a0\u00bb#000000\u2033 overlay_strength=\u00a0\u00a0\u00bb0.3\u2033 gradient_direction=\u00a0\u00a0\u00bbleft_to_right\u00a0\u00a0\u00bb shape_divider_position=\u00a0\u00a0\u00bbbottom\u00a0\u00a0\u00bb bg_image_animation=\u00a0\u00a0\u00bbnone\u00a0\u00a0\u00bb gradient_type=\u00a0\u00a0\u00bbdefault\u00a0\u00a0\u00bb shape_type=\u00a0\u00a0\u00bb\u00a0\u00a0\u00bb][vc_column column_padding=\u00a0\u00a0\u00bbno-extra-padding\u00a0\u00a0\u00bb column_padding_tablet=\u00a0\u00a0\u00bbinherit\u00a0\u00a0\u00bb column_padding_phone=\u00a0\u00a0\u00bbinherit\u00a0\u00a0\u00bb...\" \/>\n<meta property=\"og:url\" content=\"https:\/\/2023.cbieconference.ca\/sustainability\/\" \/>\n<meta property=\"og:site_name\" content=\"2023.cbieconference.ca\" \/>\n<meta property=\"article:modified_time\" content=\"2023-11-07T13:30:18+00:00\" \/>\n<meta name=\"twitter:card\" content=\"summary_large_image\" \/>\n<meta name=\"twitter:label1\" content=\"Dur\u00e9e de lecture estim\u00e9e\" \/>\n\t<meta name=\"twitter:data1\" content=\"4 minutes\" \/>\n<script type=\"application\/ld+json\" class=\"yoast-schema-graph\">{\"@context\":\"https:\\\/\\\/schema.org\",\"@graph\":[{\"@type\":\"WebPage\",\"@id\":\"https:\\\/\\\/2023.cbieconference.ca\\\/sustainability\\\/\",\"url\":\"https:\\\/\\\/2023.cbieconference.ca\\\/sustainability\\\/\",\"name\":\"Durabilit\u00e9 - 2023.cbieconference.ca\",\"isPartOf\":{\"@id\":\"https:\\\/\\\/2023.cbieconference.ca\\\/#website\"},\"datePublished\":\"2023-02-25T02:35:07+00:00\",\"dateModified\":\"2023-11-07T13:30:18+00:00\",\"breadcrumb\":{\"@id\":\"https:\\\/\\\/2023.cbieconference.ca\\\/sustainability\\\/#breadcrumb\"},\"inLanguage\":\"fr-FR\",\"potentialAction\":[{\"@type\":\"ReadAction\",\"target\":[\"https:\\\/\\\/2023.cbieconference.ca\\\/sustainability\\\/\"]}]},{\"@type\":\"BreadcrumbList\",\"@id\":\"https:\\\/\\\/2023.cbieconference.ca\\\/sustainability\\\/#breadcrumb\",\"itemListElement\":[{\"@type\":\"ListItem\",\"position\":1,\"name\":\"Home\",\"item\":\"https:\\\/\\\/2023.cbieconference.ca\\\/fr\\\/\"},{\"@type\":\"ListItem\",\"position\":2,\"name\":\"Durabilit\u00e9\"}]},{\"@type\":\"WebSite\",\"@id\":\"https:\\\/\\\/2023.cbieconference.ca\\\/#website\",\"url\":\"https:\\\/\\\/2023.cbieconference.ca\\\/\",\"name\":\"2023.cbieconference.ca\",\"description\":\"CBIE Annual Conference\",\"potentialAction\":[{\"@type\":\"SearchAction\",\"target\":{\"@type\":\"EntryPoint\",\"urlTemplate\":\"https:\\\/\\\/2023.cbieconference.ca\\\/?s={search_term_string}\"},\"query-input\":{\"@type\":\"PropertyValueSpecification\",\"valueRequired\":true,\"valueName\":\"search_term_string\"}}],\"inLanguage\":\"fr-FR\"}]}<\/script>\n<!-- \/ Yoast SEO plugin. -->","yoast_head_json":{"title":"Durabilit\u00e9 - 2023.cbieconference.ca","robots":{"index":"index","follow":"follow","max-snippet":"max-snippet:-1","max-image-preview":"max-image-preview:large","max-video-preview":"max-video-preview:-1"},"canonical":"https:\/\/2023.cbieconference.ca\/sustainability\/","og_locale":"fr_FR","og_type":"article","og_title":"Durabilit\u00e9 - 2023.cbieconference.ca","og_description":"[vc_row type=\u00a0\u00a0\u00bbfull_width_background\u00a0\u00a0\u00bb full_screen_row_position=\u00a0\u00a0\u00bbmiddle\u00a0\u00a0\u00bb column_margin=\u00a0\u00a0\u00bbdefault\u00a0\u00a0\u00bb column_direction=\u00a0\u00a0\u00bbdefault\u00a0\u00a0\u00bb column_direction_tablet=\u00a0\u00a0\u00bbdefault\u00a0\u00a0\u00bb column_direction_phone=\u00a0\u00a0\u00bbdefault\u00a0\u00a0\u00bb bg_image=\u00a0\u00a0\u00bb516\u2033 bg_position=\u00a0\u00a0\u00bbcenter center\u00a0\u00a0\u00bb background_image_loading=\u00a0\u00a0\u00bbdefault\u00a0\u00a0\u00bb bg_repeat=\u00a0\u00a0\u00bbno-repeat\u00a0\u00a0\u00bb scene_position=\u00a0\u00a0\u00bbcenter\u00a0\u00a0\u00bb top_padding=\u00a0\u00a0\u00bb16%\u00a0\u00a0\u00bb bottom_padding=\u00a0\u00a0\u00bb10%\u00a0\u00a0\u00bb text_color=\u00a0\u00a0\u00bblight\u00a0\u00a0\u00bb text_align=\u00a0\u00a0\u00bbcenter\u00a0\u00a0\u00bb row_border_radius=\u00a0\u00a0\u00bbnone\u00a0\u00a0\u00bb row_border_radius_applies=\u00a0\u00a0\u00bbbg\u00a0\u00a0\u00bb overflow=\u00a0\u00a0\u00bbvisible\u00a0\u00a0\u00bb color_overlay=\u00a0\u00a0\u00bb#000000\u2033 overlay_strength=\u00a0\u00a0\u00bb0.3\u2033 gradient_direction=\u00a0\u00a0\u00bbleft_to_right\u00a0\u00a0\u00bb shape_divider_position=\u00a0\u00a0\u00bbbottom\u00a0\u00a0\u00bb bg_image_animation=\u00a0\u00a0\u00bbnone\u00a0\u00a0\u00bb gradient_type=\u00a0\u00a0\u00bbdefault\u00a0\u00a0\u00bb shape_type=\u00a0\u00a0\u00bb\u00a0\u00a0\u00bb][vc_column column_padding=\u00a0\u00a0\u00bbno-extra-padding\u00a0\u00a0\u00bb column_padding_tablet=\u00a0\u00a0\u00bbinherit\u00a0\u00a0\u00bb column_padding_phone=\u00a0\u00a0\u00bbinherit\u00a0\u00a0\u00bb...","og_url":"https:\/\/2023.cbieconference.ca\/sustainability\/","og_site_name":"2023.cbieconference.ca","article_modified_time":"2023-11-07T13:30:18+00:00","twitter_card":"summary_large_image","twitter_misc":{"Dur\u00e9e de lecture estim\u00e9e":"4 minutes"},"schema":{"@context":"https:\/\/schema.org","@graph":[{"@type":"WebPage","@id":"https:\/\/2023.cbieconference.ca\/sustainability\/","url":"https:\/\/2023.cbieconference.ca\/sustainability\/","name":"Durabilit\u00e9 - 2023.cbieconference.ca","isPartOf":{"@id":"https:\/\/2023.cbieconference.ca\/#website"},"datePublished":"2023-02-25T02:35:07+00:00","dateModified":"2023-11-07T13:30:18+00:00","breadcrumb":{"@id":"https:\/\/2023.cbieconference.ca\/sustainability\/#breadcrumb"},"inLanguage":"fr-FR","potentialAction":[{"@type":"ReadAction","target":["https:\/\/2023.cbieconference.ca\/sustainability\/"]}]},{"@type":"BreadcrumbList","@id":"https:\/\/2023.cbieconference.ca\/sustainability\/#breadcrumb","itemListElement":[{"@type":"ListItem","position":1,"name":"Home","item":"https:\/\/2023.cbieconference.ca\/fr\/"},{"@type":"ListItem","position":2,"name":"Durabilit\u00e9"}]},{"@type":"WebSite","@id":"https:\/\/2023.cbieconference.ca\/#website","url":"https:\/\/2023.cbieconference.ca\/","name":"2023.cbieconference.ca","description":"CBIE Annual Conference","potentialAction":[{"@type":"SearchAction","target":{"@type":"EntryPoint","urlTemplate":"https:\/\/2023.cbieconference.ca\/?s={search_term_string}"},"query-input":{"@type":"PropertyValueSpecification","valueRequired":true,"valueName":"search_term_string"}}],"inLanguage":"fr-FR"}]}},"_links":{"self":[{"href":"https:\/\/2023.cbieconference.ca\/fr\/wp-json\/wp\/v2\/pages\/537","targetHints":{"allow":["GET"]}}],"collection":[{"href":"https:\/\/2023.cbieconference.ca\/fr\/wp-json\/wp\/v2\/pages"}],"about":[{"href":"https:\/\/2023.cbieconference.ca\/fr\/wp-json\/wp\/v2\/types\/page"}],"author":[{"embeddable":true,"href":"https:\/\/2023.cbieconference.ca\/fr\/wp-json\/wp\/v2\/users\/1"}],"replies":[{"embeddable":true,"href":"https:\/\/2023.cbieconference.ca\/fr\/wp-json\/wp\/v2\/comments?post=537"}],"version-history":[{"count":0,"href":"https:\/\/2023.cbieconference.ca\/fr\/wp-json\/wp\/v2\/pages\/537\/revisions"}],"wp:attachment":[{"href":"https:\/\/2023.cbieconference.ca\/fr\/wp-json\/wp\/v2\/media?parent=537"}],"curies":[{"name":"wp","href":"https:\/\/api.w.org\/{rel}","templated":true}]}}